{"id":1242,"date":"2020-12-23T07:14:13","date_gmt":"2020-12-23T07:14:13","guid":{"rendered":"https:\/\/digimittelschule2badgoisern.at\/?page_id=1242"},"modified":"2022-09-30T10:50:59","modified_gmt":"2022-09-30T10:50:59","slug":"digitnms","status":"publish","type":"page","link":"https:\/\/digimittelschule2badgoisern.at\/?page_id=1242","title":{"rendered":"digiTNMS"},"content":{"rendered":"\t\t<div data-elementor-type=\"wp-page\" data-elementor-id=\"1242\" class=\"elementor elementor-1242\" data-elementor-post-type=\"page\">\n\t\t\t\t\t\t<section class=\"elementor-section elementor-top-section elementor-element elementor-element-f13db1b elementor-section-boxed elementor-section-height-default elementor-section-height-default\" data-id=\"f13db1b\" data-element_type=\"section\">\n\t\t\t\t\t\t<div class=\"elementor-container elementor-column-gap-default\">\n\t\t\t\t\t<div class=\"elementor-column elementor-col-100 elementor-top-column elementor-element elementor-element-50d7717\" data-id=\"50d7717\" data-element_type=\"column\">\n\t\t\t<div class=\"elementor-widget-wrap elementor-element-populated\">\n\t\t\t\t\t\t<div class=\"elementor-element elementor-element-4c62a3d elementor-widget elementor-widget-text-editor\" data-id=\"4c62a3d\" data-element_type=\"widget\" data-widget_type=\"text-editor.default\">\n\t\t\t\t<div class=\"elementor-widget-container\">\n\t\t\t\t\t\t\t<p><strong><span style=\"color: #000000;\">Die NMS 2 Bad Goisern wird digiTNMS &#8211; Upgrade f\u00fcr Schulstandort Bad Goisern<\/span><\/strong><\/p><p><span style=\"color: #000000;\">Seit 29. J\u00e4nner 2020 darf sich die NMS 2 Bad Goisern als digiTNMS bezeichnen. In der Wirtschaftskammer Ober\u00f6sterreich wurde das Zertifikat von Landeshauptmann-Stellvertreterin Mag. Christine Haberlander, WKO\u00d6-Pr\u00e4sidentin Mag. Doris Hummer und Bildungsdirektor Mag. Dr. Alfred Klampfer verliehen.<\/span><\/p><p><span style=\"color: #000000;\">\u201eDigiTMS steht f\u00fcr Technische Naturwissenschaftliche Mittelschule mit digitalem Schwerpunkt\u201d, so Mag. Brigitte Atzmanstorfer, Direktorin der Goiserer Schule. Ein Upgrade f\u00fcr den Schulstandort Bad Goisern? \u201eAuf jeden Fall\u201d, freut sich auch B\u00fcrgermeister Leopold Schilcher, MAS. \u201eWir sind gl\u00fccklich und stolz, dass unsere Schule ausgezeichnet wurde und wir den Goiserer Kindern und Jugendlichen einen digitalen Ausbildungsschwerpunkt anbieten k\u00f6nnen. Der Schulstandort Bad Goisern wird durch diese Zertifizierung neuerlich aufgewertet.\u201d<\/span><\/p><p><span style=\"color: #000000;\">Zufall ist das freilich keiner. An der Goiserer Schule wird seit Jahren vielf\u00e4ltig digital gearbeitet. Die digiTNMS verf\u00fcgt nicht nur \u00fcber eigene iPad Klassen, das Fach Digitale Grundbildung wird auch in allen Schulstufen angeboten und integrativ in den verschiedenen Unterrichtsgegenst\u00e4nden eingesetzt. \u201eDabei\u201d, erkl\u00e4rt Mag. Atzmanstorfer, \u201elegen wir besonderen Wert auf digitale Ethik. Das bedeutet, dass wir schon in den ersten Klassen mit Safer Internet Workshops beginnen, um unsere Kinder m\u00f6glichst gut auf die Nachteile und Gefahren des digitalen Zeitalters vorzubereiten. Wir arbeiten an innovativen Unterrichtsszenarien und Lernsettings, setzen aber weiterhin auf Altbew\u00e4hrtes. Wir verbinden an unserer Schule traditionelles Handwerk mit neuer Technologie. Eine bunte Vielfalt, das ist uns wichtig.\u201d<\/span><\/p><p><span style=\"color: #000000;\">Und Brigitte Atzmanstorfer erg\u00e4nzt: \u201eWas unsere Schule und unsere P\u00e4dagogInnen auszeichnet, sind eine gesunde Portion Ehrgeiz, Freude am Beruf und Spa\u00df an der Entwicklung!\u201d<\/span><\/p>\t\t\t\t\t\t<\/div>\n\t\t\t\t<\/div>\n\t\t\t\t\t<\/div>\n\t\t<\/div>\n\t\t\t\t\t<\/div>\n\t\t<\/section>\n\t\t\t\t<section class=\"elementor-section elementor-top-section elementor-element elementor-element-866760c elementor-section-boxed elementor-section-height-default elementor-section-height-default\" data-id=\"866760c\" data-element_type=\"section\">\n\t\t\t\t\t\t<div class=\"elementor-container elementor-column-gap-default\">\n\t\t\t\t\t<div class=\"elementor-column elementor-col-100 elementor-top-column elementor-element elementor-element-cc2be04\" data-id=\"cc2be04\" data-element_type=\"column\">\n\t\t\t<div class=\"elementor-widget-wrap elementor-element-populated\">\n\t\t\t\t\t\t<div class=\"elementor-element elementor-element-383404e elementor-widget elementor-widget-gallery\" data-id=\"383404e\" data-element_type=\"widget\" data-settings=\"{&quot;gap&quot;:{&quot;unit&quot;:&quot;px&quot;,&quot;size&quot;:20,&quot;sizes&quot;:[]},&quot;lazyload&quot;:&quot;yes&quot;,&quot;gallery_layout&quot;:&quot;grid&quot;,&quot;columns&quot;:4,&quot;columns_tablet&quot;:2,&quot;columns_mobile&quot;:1,&quot;gap_tablet&quot;:{&quot;unit&quot;:&quot;px&quot;,&quot;size&quot;:10,&quot;sizes&quot;:[]},&quot;gap_mobile&quot;:{&quot;unit&quot;:&quot;px&quot;,&quot;size&quot;:10,&quot;sizes&quot;:[]},&quot;link_to&quot;:&quot;file&quot;,&quot;aspect_ratio&quot;:&quot;3:2&quot;,&quot;overlay_background&quot;:&quot;yes&quot;,&quot;content_hover_animation&quot;:&quot;fade-in&quot;}\" data-widget_type=\"gallery.default\">\n\t\t\t\t<div class=\"elementor-widget-container\">\n\t\t\t\t\t<div class=\"elementor-gallery__container\">\n\t\t\t\t\t\t\t<a class=\"e-gallery-item elementor-gallery-item elementor-animated-content\" href=\"https:\/\/digimittelschule2badgoisern.at\/wp-content\/uploads\/2022\/09\/CITYFOTO_Zertifizierung.jpg\" data-elementor-open-lightbox=\"yes\" data-elementor-lightbox-slideshow=\"383404e\" data-elementor-lightbox-title=\"CITYFOTO_Zertifizierung\" data-e-action-hash=\"#elementor-action%3Aaction%3Dlightbox%26settings%3DeyJpZCI6NDgxMCwidXJsIjoiaHR0cHM6XC9cL2RpZ2ltaXR0ZWxzY2h1bGUyYmFkZ29pc2Vybi5hdFwvd3AtY29udGVudFwvdXBsb2Fkc1wvMjAyMlwvMDlcL0NJVFlGT1RPX1plcnRpZml6aWVydW5nLmpwZyIsInNsaWRlc2hvdyI6IjM4MzQwNGUifQ%3D%3D\">\n\t\t\t\t\t<div class=\"e-gallery-image elementor-gallery-item__image\" data-thumbnail=\"https:\/\/digimittelschule2badgoisern.at\/wp-content\/uploads\/2022\/09\/CITYFOTO_Zertifizierung-300x201.jpg\" data-width=\"300\" data-height=\"201\" aria-label=\"\" role=\"img\" ><\/div>\n\t\t\t\t\t\t\t\t\t\t\t<div class=\"elementor-gallery-item__overlay\"><\/div>\n\t\t\t\t\t\t\t\t\t\t\t\t\t\t<\/a>\n\t\t\t\t\t\t\t<a class=\"e-gallery-item elementor-gallery-item elementor-animated-content\" href=\"https:\/\/digimittelschule2badgoisern.at\/wp-content\/uploads\/2022\/09\/digiTNMS-mit-BM-scaled.jpg\" data-elementor-open-lightbox=\"yes\" data-elementor-lightbox-slideshow=\"383404e\" data-elementor-lightbox-title=\"digiTNMS mit BM\" data-e-action-hash=\"#elementor-action%3Aaction%3Dlightbox%26settings%3DeyJpZCI6NDgxMSwidXJsIjoiaHR0cHM6XC9cL2RpZ2ltaXR0ZWxzY2h1bGUyYmFkZ29pc2Vybi5hdFwvd3AtY29udGVudFwvdXBsb2Fkc1wvMjAyMlwvMDlcL2RpZ2lUTk1TLW1pdC1CTS1zY2FsZWQuanBnIiwic2xpZGVzaG93IjoiMzgzNDA0ZSJ9\">\n\t\t\t\t\t<div class=\"e-gallery-image elementor-gallery-item__image\" data-thumbnail=\"https:\/\/digimittelschule2badgoisern.at\/wp-content\/uploads\/2022\/09\/digiTNMS-mit-BM-253x300.jpg\" data-width=\"253\" data-height=\"300\" aria-label=\"\" role=\"img\" ><\/div>\n\t\t\t\t\t\t\t\t\t\t\t<div class=\"elementor-gallery-item__overlay\"><\/div>\n\t\t\t\t\t\t\t\t\t\t\t\t\t\t<\/a>\n\t\t\t\t\t\t\t<a class=\"e-gallery-item elementor-gallery-item elementor-animated-content\" href=\"https:\/\/digimittelschule2badgoisern.at\/wp-content\/uploads\/2022\/09\/digiTNMS-mit-Schuelern--scaled.jpg\" data-elementor-open-lightbox=\"yes\" data-elementor-lightbox-slideshow=\"383404e\" data-elementor-lightbox-title=\"digiTNMS mit Sch\u00fclern\" data-e-action-hash=\"#elementor-action%3Aaction%3Dlightbox%26settings%3DeyJpZCI6NDgxMywidXJsIjoiaHR0cHM6XC9cL2RpZ2ltaXR0ZWxzY2h1bGUyYmFkZ29pc2Vybi5hdFwvd3AtY29udGVudFwvdXBsb2Fkc1wvMjAyMlwvMDlcL2RpZ2lUTk1TLW1pdC1TY2h1ZWxlcm4tLXNjYWxlZC5qcGciLCJzbGlkZXNob3ciOiIzODM0MDRlIn0%3D\">\n\t\t\t\t\t<div class=\"e-gallery-image elementor-gallery-item__image\" data-thumbnail=\"https:\/\/digimittelschule2badgoisern.at\/wp-content\/uploads\/2022\/09\/digiTNMS-mit-Schuelern--300x201.jpg\" data-width=\"300\" data-height=\"201\" aria-label=\"\" role=\"img\" ><\/div>\n\t\t\t\t\t\t\t\t\t\t\t<div class=\"elementor-gallery-item__overlay\"><\/div>\n\t\t\t\t\t\t\t\t\t\t\t\t\t\t<\/a>\n\t\t\t\t\t\t\t<a class=\"e-gallery-item elementor-gallery-item elementor-animated-content\" href=\"https:\/\/digimittelschule2badgoisern.at\/wp-content\/uploads\/2022\/09\/logo_digiTNMS.jpg\" data-elementor-open-lightbox=\"yes\" data-elementor-lightbox-slideshow=\"383404e\" data-elementor-lightbox-title=\"logo_digiTNMS\" data-e-action-hash=\"#elementor-action%3Aaction%3Dlightbox%26settings%3DeyJpZCI6NDgxNCwidXJsIjoiaHR0cHM6XC9cL2RpZ2ltaXR0ZWxzY2h1bGUyYmFkZ29pc2Vybi5hdFwvd3AtY29udGVudFwvdXBsb2Fkc1wvMjAyMlwvMDlcL2xvZ29fZGlnaVROTVMuanBnIiwic2xpZGVzaG93IjoiMzgzNDA0ZSJ9\">\n\t\t\t\t\t<div class=\"e-gallery-image elementor-gallery-item__image\" data-thumbnail=\"https:\/\/digimittelschule2badgoisern.at\/wp-content\/uploads\/2022\/09\/logo_digiTNMS-300x141.jpg\" data-width=\"300\" data-height=\"141\" aria-label=\"\" role=\"img\" ><\/div>\n\t\t\t\t\t\t\t\t\t\t\t<div class=\"elementor-gallery-item__overlay\"><\/div>\n\t\t\t\t\t\t\t\t\t\t\t\t\t\t<\/a>\n\t\t\t\t\t<\/div>\n\t\t\t<\/div>\n\t\t\t\t<\/div>\n\t\t\t\t\t<\/div>\n\t\t<\/div>\n\t\t\t\t\t<\/div>\n\t\t<\/section>\n\t\t\t\t<\/div>\n\t\t","protected":false},"excerpt":{"rendered":"<p>Die NMS 2 Bad Goisern wird digiTNMS &#8211; Upgrade f\u00fcr Schulstandort Bad Goisern Seit 29. J\u00e4nner 2020 darf sich die NMS 2 Bad Goisern als digiTNMS bezeichnen. In der Wirtschaftskammer Ober\u00f6sterreich wurde das Zertifikat von Landeshauptmann-Stellvertreterin Mag. Christine Haberlander, WKO\u00d6-Pr\u00e4sidentin Mag. Doris Hummer und Bildungsdirektor Mag. Dr. Alfred Klampfer verliehen. \u201eDigiTMS steht f\u00fcr Technische Naturwissenschaftliche [&hellip;]<\/p>\n","protected":false},"author":1,"featured_media":0,"parent":0,"menu_order":0,"comment_status":"closed","ping_status":"closed","template":"","meta":{"ocean_post_layout":"","ocean_both_sidebars_style":"","ocean_both_sidebars_content_width":0,"ocean_both_sidebars_sidebars_width":0,"ocean_sidebar":"0","ocean_second_sidebar":"0","ocean_disable_margins":"enable","ocean_add_body_class":"","ocean_shortcode_before_top_bar":"","ocean_shortcode_after_top_bar":"","ocean_shortcode_before_header":"","ocean_shortcode_after_header":"","ocean_has_shortcode":"","ocean_shortcode_after_title":"","ocean_shortcode_before_footer_widgets":"","ocean_shortcode_after_footer_widgets":"","ocean_shortcode_before_footer_bottom":"","ocean_shortcode_after_footer_bottom":"","ocean_display_top_bar":"default","ocean_display_header":"default","ocean_header_style":"","ocean_center_header_left_menu":"0","ocean_custom_header_template":"0","ocean_custom_logo":0,"ocean_custom_retina_logo":0,"ocean_custom_logo_max_width":0,"ocean_custom_logo_tablet_max_width":0,"ocean_custom_logo_mobile_max_width":0,"ocean_custom_logo_max_height":0,"ocean_custom_logo_tablet_max_height":0,"ocean_custom_logo_mobile_max_height":0,"ocean_header_custom_menu":"0","ocean_menu_typo_font_family":"0","ocean_menu_typo_font_subset":"","ocean_menu_typo_font_size":0,"ocean_menu_typo_font_size_tablet":0,"ocean_menu_typo_font_size_mobile":0,"ocean_menu_typo_font_size_unit":"px","ocean_menu_typo_font_weight":"","ocean_menu_typo_font_weight_tablet":"","ocean_menu_typo_font_weight_mobile":"","ocean_menu_typo_transform":"","ocean_menu_typo_transform_tablet":"","ocean_menu_typo_transform_mobile":"","ocean_menu_typo_line_height":0,"ocean_menu_typo_line_height_tablet":0,"ocean_menu_typo_line_height_mobile":0,"ocean_menu_typo_line_height_unit":"","ocean_menu_typo_spacing":0,"ocean_menu_typo_spacing_tablet":0,"ocean_menu_typo_spacing_mobile":0,"ocean_menu_typo_spacing_unit":"","ocean_menu_link_color":"","ocean_menu_link_color_hover":"","ocean_menu_link_color_active":"","ocean_menu_link_background":"","ocean_menu_link_hover_background":"","ocean_menu_link_active_background":"","ocean_menu_social_links_bg":"","ocean_menu_social_hover_links_bg":"","ocean_menu_social_links_color":"","ocean_menu_social_hover_links_color":"","ocean_disable_title":"default","ocean_disable_heading":"default","ocean_post_title":"","ocean_post_subheading":"","ocean_post_title_style":"","ocean_post_title_background_color":"","ocean_post_title_background":0,"ocean_post_title_bg_image_position":"","ocean_post_title_bg_image_attachment":"","ocean_post_title_bg_image_repeat":"","ocean_post_title_bg_image_size":"","ocean_post_title_height":0,"ocean_post_title_bg_overlay":0.5,"ocean_post_title_bg_overlay_color":"","ocean_disable_breadcrumbs":"default","ocean_breadcrumbs_color":"","ocean_breadcrumbs_separator_color":"","ocean_breadcrumbs_links_color":"","ocean_breadcrumbs_links_hover_color":"","ocean_display_footer_widgets":"default","ocean_display_footer_bottom":"default","ocean_custom_footer_template":"0","footnotes":""},"class_list":["post-1242","page","type-page","status-publish","hentry","entry"],"_links":{"self":[{"href":"https:\/\/digimittelschule2badgoisern.at\/index.php?rest_route=\/wp\/v2\/pages\/1242","targetHints":{"allow":["GET"]}}],"collection":[{"href":"https:\/\/digimittelschule2badgoisern.at\/index.php?rest_route=\/wp\/v2\/pages"}],"about":[{"href":"https:\/\/digimittelschule2badgoisern.at\/index.php?rest_route=\/wp\/v2\/types\/page"}],"author":[{"embeddable":true,"href":"https:\/\/digimittelschule2badgoisern.at\/index.php?rest_route=\/wp\/v2\/users\/1"}],"replies":[{"embeddable":true,"href":"https:\/\/digimittelschule2badgoisern.at\/index.php?rest_route=%2Fwp%2Fv2%2Fcomments&post=1242"}],"version-history":[{"count":17,"href":"https:\/\/digimittelschule2badgoisern.at\/index.php?rest_route=\/wp\/v2\/pages\/1242\/revisions"}],"predecessor-version":[{"id":4818,"href":"https:\/\/digimittelschule2badgoisern.at\/index.php?rest_route=\/wp\/v2\/pages\/1242\/revisions\/4818"}],"wp:attachment":[{"href":"https:\/\/digimittelschule2badgoisern.at\/index.php?rest_route=%2Fwp%2Fv2%2Fmedia&parent=1242"}],"curies":[{"name":"wp","href":"https:\/\/api.w.org\/{rel}","templated":true}]}}