{"id":1506,"date":"2021-01-07T10:37:17","date_gmt":"2021-01-07T10:37:17","guid":{"rendered":"https:\/\/digimittelschule2badgoisern.at\/?page_id=1506"},"modified":"2022-09-30T14:23:23","modified_gmt":"2022-09-30T14:23:23","slug":"schulprofil","status":"publish","type":"page","link":"https:\/\/digimittelschule2badgoisern.at\/?page_id=1506","title":{"rendered":"Schulprofil"},"content":{"rendered":"\t\t<div data-elementor-type=\"wp-page\" data-elementor-id=\"1506\" class=\"elementor elementor-1506\" data-elementor-post-type=\"page\">\n\t\t\t\t\t\t<section class=\"elementor-section elementor-top-section elementor-element elementor-element-14aefec elementor-section-boxed elementor-section-height-default elementor-section-height-default\" data-id=\"14aefec\" data-element_type=\"section\">\n\t\t\t\t\t\t<div class=\"elementor-container elementor-column-gap-default\">\n\t\t\t\t\t<div class=\"elementor-column elementor-col-100 elementor-top-column elementor-element elementor-element-40b6117\" data-id=\"40b6117\" data-element_type=\"column\">\n\t\t\t<div class=\"elementor-widget-wrap elementor-element-populated\">\n\t\t\t\t\t\t<div class=\"elementor-element elementor-element-9394438 elementor-widget elementor-widget-text-editor\" data-id=\"9394438\" data-element_type=\"widget\" data-widget_type=\"text-editor.default\">\n\t\t\t\t<div class=\"elementor-widget-container\">\n\t\t\t\t\t\t\t<ul><li style=\"text-align: left;\"><b style=\"color: #800080;\">Inklusion<\/b><ul><li style=\"text-align: left;\"><b><\/b><span style=\"color: #000000;\">individuelle F\u00f6rderung <\/span><\/li><li style=\"text-align: left;\"><span style=\"color: #000000;\">soziale Prozesse<\/span><\/li><li style=\"text-align: left;\"><span style=\"color: #000000;\"><span style=\"color: #000000;\">respektvoller Umgang<\/span><\/span><\/li><\/ul><\/li><li><span style=\"color: #3366ff;\"><b>Eigenverantwortliches Arbeiten<br \/><\/b><\/span><ul><li><span style=\"color: #000000;\">Erwerb von Kompetenzen durch spezielle <\/span><span style=\"color: #000000;\">Trainingstage<\/span><\/li><li><span style=\"color: #000000;\"><span style=\"color: #000000;\">Methodenpflege im allt\u00e4glichen Fachunterricht<\/span><\/span><\/li><\/ul><\/li><li><span style=\"color: #ed7eb5;\"><b>Soziales Lernen<\/b><\/span><ul><li><b><\/b><span style=\"color: #000000;\">5. und 6. Schulstufe:<\/span> <em style=\"font-size: 15px; color: #000000;\">Soziales Lernen<\/em><span style=\"font-size: 15px;\"><span style=\"color: #000000;\"> als Verbindliche \u00dcbung<\/span><\/span><\/li><li><span style=\"color: #000000;\"><span style=\"color: #000000;\">Gewaltpr\u00e4ventionsprojekte<\/span><\/span><\/li><\/ul><\/li><li><span style=\"color: #ff0000;\"><strong>Bewegte Schule<\/strong><\/span><ul><li><span style=\"color: #000000;\">gezielter Einsatz von Bewegung und Sport zur Unterst\u00fctzung beim Lernen und zur Konzentrationsf\u00f6rderung\u00a0<\/span><\/li><li><span style=\"color: #000000;\">Teilnahme an sportlichen Wettk\u00e4mpfen<\/span><\/li><li><span style=\"color: #000000;\"><span style=\"color: #000000;\">vielseitiges Angebot von sportlichen Unverbindlichen \u00dcbungen<\/span><\/span><\/li><\/ul><\/li><li><strong><span style=\"color: #800000;\">Nachhaltige Entwicklung<\/span><\/strong><ul><li><span style=\"color: #000000;\">Jausen- und Trinkf\u00fchrerschein<\/span><\/li><li><span style=\"color: #000000;\">Erste-Hilfe-Kurs (16 Stunden)<\/span><\/li><li><span style=\"color: #000000;\">Schulmilch vom Biobauern<\/span><\/li><li><span style=\"color: #000000;\"><span style=\"color: #000000;\">Verwendung von regionalen Lebensmitteln<\/span><\/span><\/li><\/ul><\/li><li><span style=\"color: #b071f0;\"><b>Musikalischer Schwerpunkt<\/b><\/span><br \/><ul><li><span style=\"color: #000000;\"><span style=\"color: #000000;\">Unverbindliche \u00dcbungen: Spielmusik, Chor, Trommeln, Volkstanz, Schulband<\/span><\/span><\/li><\/ul><\/li><li><strong><span style=\"color: #339966;\">Talentf\u00f6rderung<\/span><\/strong><ul><li><span style=\"color: #000000;\">Eigene Tracht schneidern<\/span><\/li><li><span style=\"color: #000000;\">English in Action<\/span><\/li><li><span style=\"color: #000000;\">Mathematik Bewerbe<\/span><\/li><li><span style=\"color: #000000;\">Theaterspiel<\/span><\/li><li><span style=\"color: #000000;\">Alles Musik<\/span><\/li><li><span style=\"color: #000000;\">Handwerkstechniken<\/span><\/li><li><span style=\"color: #000000;\"><span style=\"color: #000000;\">Tischler Trophy<\/span><\/span><\/li><\/ul><\/li><li><strong><span style=\"color: #333399;\">Legasthenie\/Dyskalkulie<\/span><\/strong><ul><li><span style=\"color: #000000;\"><span style=\"color: #000000;\">Unterst\u00fctzungsm\u00f6glichkeiten f\u00fcr Lese- Rechtschreibschw\u00e4che und Rechenschw\u00e4che<\/span><\/span><\/li><\/ul><\/li><li><span style=\"color: #000000;\"><strong>Wahlschwerpunkte ab der 7. Schulstufe<\/strong><\/span><ul><li><span style=\"color: #e08907;\"><em>Kommunikation in Fremdsprachen<\/em><\/span><span style=\"color: #000000;\"><em><br \/><\/em>Unterrichtseinheiten im fremdsprachlichen Unterricht und <\/span><span style=\"color: #000000;\">Einsatz von Native Speakern im Unterricht<br \/><\/span><\/li><li><span style=\"color: #000000;\"><span style=\"color: #ff9900;\"><em><span style=\"color: #e08907;\">Handwerk<\/span><br \/><\/em><\/span><em>Handwerk<\/em> mit Schwerpunkt auf den Holz- und Metallbereich, <em>Textiles Werken, <\/em><em>Experimente und Geometrisches Zeichnen\u00a0<br \/><\/em><br \/><\/span><\/li><\/ul><\/li><li><span style=\"color: #0000ff;\"><strong>Berufsorientierung<\/strong><\/span><ul><li><span style=\"color: #000000;\">berufspraktische Tage<\/span><\/li><li><span style=\"color: #000000;\">Zusammenarbeit mit AMS,\u00a0 WK und heimischen Betrieben<\/span><\/li><li><span style=\"color: #000000;\">Lehrausg\u00e4nge<\/span><\/li><li><span style=\"color: #000000;\"><span style=\"color: #000000;\">schuleigene Bildungsinformationsmesse<\/span><\/span><\/li><\/ul><\/li><li><strong style=\"color: #008080;\">Bibliothek\u00a0<\/strong><ul><li><span style=\"color: #000000;\">Fachb\u00fccher, Belletristik<\/span><\/li><li><span style=\"color: #000000;\"><span style=\"color: #000000;\">Lesefr\u00fchst\u00fcck<\/span><\/span><\/li><\/ul><\/li><li><span style=\"color: #800000;\"><strong>E-learning<\/strong><\/span><ul><li><span style=\"color: #000000;\">G-Suite for Education<\/span><\/li><li><span style=\"color: #000000;\"><span style=\"color: #000000;\">Chromebooks<\/span><\/span><\/li><li><span style=\"color: #000000;\">Safer internet<\/span><\/li><\/ul><\/li><li><span style=\"color: #ffff00;\"><strong>Schulische Tagesbetreuung<\/strong><\/span><ul><li><span style=\"color: #000000;\">f\u00f6rdert St\u00e4rken und Talente<\/span><\/li><li><span style=\"color: #000000;\">individuelle Unterst\u00fctzung und Begleitung in schulischen Belangen<\/span><\/li><li><span style=\"color: #000000;\">vielseitige Freizeitaktivit\u00e4ten<\/span><\/li><\/ul><\/li><\/ul>\t\t\t\t\t\t<\/div>\n\t\t\t\t<\/div>\n\t\t\t\t\t<\/div>\n\t\t<\/div>\n\t\t\t\t\t<\/div>\n\t\t<\/section>\n\t\t\t\t<\/div>\n\t\t","protected":false},"excerpt":{"rendered":"<p>Inklusion individuelle F\u00f6rderung soziale Prozesse respektvoller Umgang Eigenverantwortliches Arbeiten Erwerb von Kompetenzen durch spezielle Trainingstage Methodenpflege im allt\u00e4glichen Fachunterricht Soziales Lernen 5. und 6. Schulstufe: Soziales Lernen als Verbindliche \u00dcbung Gewaltpr\u00e4ventionsprojekte Bewegte Schule gezielter Einsatz von Bewegung und Sport zur Unterst\u00fctzung beim Lernen und zur Konzentrationsf\u00f6rderung\u00a0 Teilnahme an sportlichen Wettk\u00e4mpfen vielseitiges Angebot von sportlichen Unverbindlichen [&hellip;]<\/p>\n","protected":false},"author":1,"featured_media":0,"parent":0,"menu_order":0,"comment_status":"closed","ping_status":"closed","template":"","meta":{"ocean_post_layout":"","ocean_both_sidebars_style":"","ocean_both_sidebars_content_width":0,"ocean_both_sidebars_sidebars_width":0,"ocean_sidebar":"0","ocean_second_sidebar":"0","ocean_disable_margins":"enable","ocean_add_body_class":"","ocean_shortcode_before_top_bar":"","ocean_shortcode_after_top_bar":"","ocean_shortcode_before_header":"","ocean_shortcode_after_header":"","ocean_has_shortcode":"","ocean_shortcode_after_title":"","ocean_shortcode_before_footer_widgets":"","ocean_shortcode_after_footer_widgets":"","ocean_shortcode_before_footer_bottom":"","ocean_shortcode_after_footer_bottom":"","ocean_display_top_bar":"default","ocean_display_header":"default","ocean_header_style":"","ocean_center_header_left_menu":"0","ocean_custom_header_template":"0","ocean_custom_logo":0,"ocean_custom_retina_logo":0,"ocean_custom_logo_max_width":0,"ocean_custom_logo_tablet_max_width":0,"ocean_custom_logo_mobile_max_width":0,"ocean_custom_logo_max_height":0,"ocean_custom_logo_tablet_max_height":0,"ocean_custom_logo_mobile_max_height":0,"ocean_header_custom_menu":"0","ocean_menu_typo_font_family":"0","ocean_menu_typo_font_subset":"","ocean_menu_typo_font_size":0,"ocean_menu_typo_font_size_tablet":0,"ocean_menu_typo_font_size_mobile":0,"ocean_menu_typo_font_size_unit":"px","ocean_menu_typo_font_weight":"","ocean_menu_typo_font_weight_tablet":"","ocean_menu_typo_font_weight_mobile":"","ocean_menu_typo_transform":"","ocean_menu_typo_transform_tablet":"","ocean_menu_typo_transform_mobile":"","ocean_menu_typo_line_height":0,"ocean_menu_typo_line_height_tablet":0,"ocean_menu_typo_line_height_mobile":0,"ocean_menu_typo_line_height_unit":"","ocean_menu_typo_spacing":0,"ocean_menu_typo_spacing_tablet":0,"ocean_menu_typo_spacing_mobile":0,"ocean_menu_typo_spacing_unit":"","ocean_menu_link_color":"","ocean_menu_link_color_hover":"","ocean_menu_link_color_active":"","ocean_menu_link_background":"","ocean_menu_link_hover_background":"","ocean_menu_link_active_background":"","ocean_menu_social_links_bg":"","ocean_menu_social_hover_links_bg":"","ocean_menu_social_links_color":"","ocean_menu_social_hover_links_color":"","ocean_disable_title":"default","ocean_disable_heading":"default","ocean_post_title":"","ocean_post_subheading":"","ocean_post_title_style":"","ocean_post_title_background_color":"","ocean_post_title_background":0,"ocean_post_title_bg_image_position":"","ocean_post_title_bg_image_attachment":"","ocean_post_title_bg_image_repeat":"","ocean_post_title_bg_image_size":"","ocean_post_title_height":0,"ocean_post_title_bg_overlay":0.5,"ocean_post_title_bg_overlay_color":"","ocean_disable_breadcrumbs":"default","ocean_breadcrumbs_color":"","ocean_breadcrumbs_separator_color":"","ocean_breadcrumbs_links_color":"","ocean_breadcrumbs_links_hover_color":"","ocean_display_footer_widgets":"default","ocean_display_footer_bottom":"default","ocean_custom_footer_template":"0","footnotes":""},"class_list":["post-1506","page","type-page","status-publish","hentry","entry"],"_links":{"self":[{"href":"https:\/\/digimittelschule2badgoisern.at\/index.php?rest_route=\/wp\/v2\/pages\/1506","targetHints":{"allow":["GET"]}}],"collection":[{"href":"https:\/\/digimittelschule2badgoisern.at\/index.php?rest_route=\/wp\/v2\/pages"}],"about":[{"href":"https:\/\/digimittelschule2badgoisern.at\/index.php?rest_route=\/wp\/v2\/types\/page"}],"author":[{"embeddable":true,"href":"https:\/\/digimittelschule2badgoisern.at\/index.php?rest_route=\/wp\/v2\/users\/1"}],"replies":[{"embeddable":true,"href":"https:\/\/digimittelschule2badgoisern.at\/index.php?rest_route=%2Fwp%2Fv2%2Fcomments&post=1506"}],"version-history":[{"count":49,"href":"https:\/\/digimittelschule2badgoisern.at\/index.php?rest_route=\/wp\/v2\/pages\/1506\/revisions"}],"predecessor-version":[{"id":4864,"href":"https:\/\/digimittelschule2badgoisern.at\/index.php?rest_route=\/wp\/v2\/pages\/1506\/revisions\/4864"}],"wp:attachment":[{"href":"https:\/\/digimittelschule2badgoisern.at\/index.php?rest_route=%2Fwp%2Fv2%2Fmedia&parent=1506"}],"curies":[{"name":"wp","href":"https:\/\/api.w.org\/{rel}","templated":true}]}}