{"id":2036,"date":"2021-01-21T11:08:31","date_gmt":"2021-01-21T11:08:31","guid":{"rendered":"https:\/\/digimittelschule2badgoisern.at\/?page_id=2036"},"modified":"2023-01-11T13:03:47","modified_gmt":"2023-01-11T13:03:47","slug":"legasthenie-dyskalkulie","status":"publish","type":"page","link":"https:\/\/digimittelschule2badgoisern.at\/?page_id=2036","title":{"rendered":"Legasthenie\/Dyskalkulie"},"content":{"rendered":"\t\t<div data-elementor-type=\"wp-page\" data-elementor-id=\"2036\" class=\"elementor elementor-2036\" data-elementor-post-type=\"page\">\n\t\t\t\t\t\t<section class=\"elementor-section elementor-top-section elementor-element elementor-element-713a5e2 elementor-section-boxed elementor-section-height-default elementor-section-height-default\" data-id=\"713a5e2\" data-element_type=\"section\">\n\t\t\t\t\t\t<div class=\"elementor-container elementor-column-gap-default\">\n\t\t\t\t\t<div class=\"elementor-column elementor-col-100 elementor-top-column elementor-element elementor-element-1171e0b\" data-id=\"1171e0b\" data-element_type=\"column\">\n\t\t\t<div class=\"elementor-widget-wrap elementor-element-populated\">\n\t\t\t\t\t\t<div class=\"elementor-element elementor-element-bd7fd9b elementor-widget elementor-widget-text-editor\" data-id=\"bd7fd9b\" data-element_type=\"widget\" data-widget_type=\"text-editor.default\">\n\t\t\t\t<div class=\"elementor-widget-container\">\n\t\t\t\t\t\t\t<p><span style=\"color: #000000;\"><strong>Legasthenie\/Dyskalkulie<\/strong><\/span><\/p><p><span style=\"color: #000000;\">Sch\u00fclerinnen und Sch\u00fcler mit einer begutachteten Lese- Rechtschreibschw\u00e4che (Legasthenie) und \/ oder Rechenschw\u00e4che (Dyskalkulie) erhalten eine gezielte F\u00f6rderung an unserer Schule. Die Gutachten werden bei der Leistungsbeurteilung ber\u00fccksichtigt.<br \/><\/span><span style=\"color: #000000;\">Um Ihr Kind auch zu Hause zu unterst\u00fctzen, gibt es viele M\u00f6glichkeiten:<\/span><\/p><p><span style=\"color: #000000;\"><strong>Lese- Rechtschreibschw\u00e4che:<\/strong><\/span><\/p><ul><li><span style=\"color: #000000;\">Lautes Lesen<\/span><\/li><li><span style=\"color: #000000;\">Schreiben ganzer W\u00f6rter\u00a0<\/span><\/li><li><span style=\"color: #000000;\">Fehlerw\u00f6rterkartei<\/span><\/li><li><span style=\"color: #000000;\">Offenheit und positive Unterst\u00fctzung<\/span><\/li><\/ul><p><span style=\"color: #000000;\"><strong>Rechenschw\u00e4che:<\/strong><\/span><\/p><ul><li><span style=\"color: #000000;\">Ermunternde, st\u00e4rkende Grundhaltung<\/span><\/li><li><span style=\"color: #000000;\">Bildliche Darstellung der Aufgaben<\/span><\/li><li><span style=\"color: #000000;\">Verbalisierung des Rechenweges<\/span><\/li><li><span style=\"color: #000000;\">Automatisierung<\/span><\/li><li><span style=\"color: #000000;\">Ma\u00dfumwandler<\/span><\/li><\/ul><p><span style=\"color: #000000;\">Empfehlungen f\u00fcr Eltern von Kindern mit Lese-Rechtschreibschw\u00e4che\u00a0<br \/><\/span><span style=\"color: #0000ff;\"><a style=\"color: #0000ff;\" href=\"https:\/\/www.lsr-ooe.gv.at\/fileadmin\/schulpsychologie\/infothek\/Empfehlungen_fuer_die_Eltern.pdf\">https:\/\/lrs-therapeuten.org<\/a><\/span><\/p><p><span style=\"color: #000000;\">Leistungsbeurteilung bei Lese-Rechtschreibschw\u00e4che\u00a0<br \/><span style=\"color: #0000ff;\"><a style=\"color: #0000ff;\" href=\"http:\/\/www.schulpsychologie.at\/lrs\">http:\/\/www.schulpsychologie.at\/lrs<\/a><\/span><br \/><\/span><\/p><p><span style=\"color: #000000;\">Dyskalkulie \u2013 Richtlinien f\u00fcr den schulischen Umgang mit Sch\u00fclerinnen und Sch\u00fclern mit Schwierigkeiten beim Rechnenlernen<br \/><\/span><span style=\"color: #0000ff;\"><a style=\"color: #0000ff;\" href=\"http:\/\/www.schulpsychologie.at\/lernen-lernerfolg\/rechenschwaeche\">http:\/\/www.schulpsychologie.at\/lernen-lernerfolg\/rechenschwaeche<\/a><\/span><\/p>\t\t\t\t\t\t<\/div>\n\t\t\t\t<\/div>\n\t\t\t\t<div class=\"elementor-element elementor-element-2a02e0f elementor-widget elementor-widget-image\" data-id=\"2a02e0f\" data-element_type=\"widget\" data-widget_type=\"image.default\">\n\t\t\t\t<div class=\"elementor-widget-container\">\n\t\t\t\t\t\t\t\t\t\t\t\t\t<img fetchpriority=\"high\" decoding=\"async\" width=\"615\" height=\"410\" src=\"https:\/\/digimittelschule2badgoisern.at\/wp-content\/uploads\/2023\/01\/pismena.jpg\" class=\"attachment-medium_large size-medium_large wp-image-5224\" alt=\"\" srcset=\"https:\/\/digimittelschule2badgoisern.at\/wp-content\/uploads\/2023\/01\/pismena.jpg 615w, https:\/\/digimittelschule2badgoisern.at\/wp-content\/uploads\/2023\/01\/pismena-300x200.jpg 300w\" sizes=\"(max-width: 615px) 100vw, 615px\" \/>\t\t\t\t\t\t\t\t\t\t\t\t\t<\/div>\n\t\t\t\t<\/div>\n\t\t\t\t\t<\/div>\n\t\t<\/div>\n\t\t\t\t\t<\/div>\n\t\t<\/section>\n\t\t\t\t<\/div>\n\t\t","protected":false},"excerpt":{"rendered":"<p>Legasthenie\/Dyskalkulie Sch\u00fclerinnen und Sch\u00fcler mit einer begutachteten Lese- Rechtschreibschw\u00e4che (Legasthenie) und \/ oder Rechenschw\u00e4che (Dyskalkulie) erhalten eine gezielte F\u00f6rderung an unserer Schule. Die Gutachten werden bei der Leistungsbeurteilung ber\u00fccksichtigt. Um Ihr Kind auch zu Hause zu unterst\u00fctzen, gibt es viele M\u00f6glichkeiten: Lese- Rechtschreibschw\u00e4che: Lautes Lesen Schreiben ganzer W\u00f6rter&nbsp; Fehlerw\u00f6rterkartei Offenheit und positive Unterst\u00fctzung Rechenschw\u00e4che: Ermunternde, [&hellip;]<\/p>\n","protected":false},"author":1,"featured_media":0,"parent":0,"menu_order":0,"comment_status":"closed","ping_status":"closed","template":"","meta":{"ocean_post_layout":"","ocean_both_sidebars_style":"","ocean_both_sidebars_content_width":0,"ocean_both_sidebars_sidebars_width":0,"ocean_sidebar":"0","ocean_second_sidebar":"0","ocean_disable_margins":"enable","ocean_add_body_class":"","ocean_shortcode_before_top_bar":"","ocean_shortcode_after_top_bar":"","ocean_shortcode_before_header":"","ocean_shortcode_after_header":"","ocean_has_shortcode":"","ocean_shortcode_after_title":"","ocean_shortcode_before_footer_widgets":"","ocean_shortcode_after_footer_widgets":"","ocean_shortcode_before_footer_bottom":"","ocean_shortcode_after_footer_bottom":"","ocean_display_top_bar":"default","ocean_display_header":"default","ocean_header_style":"","ocean_center_header_left_menu":"0","ocean_custom_header_template":"0","ocean_custom_logo":0,"ocean_custom_retina_logo":0,"ocean_custom_logo_max_width":0,"ocean_custom_logo_tablet_max_width":0,"ocean_custom_logo_mobile_max_width":0,"ocean_custom_logo_max_height":0,"ocean_custom_logo_tablet_max_height":0,"ocean_custom_logo_mobile_max_height":0,"ocean_header_custom_menu":"0","ocean_menu_typo_font_family":"0","ocean_menu_typo_font_subset":"","ocean_menu_typo_font_size":0,"ocean_menu_typo_font_size_tablet":0,"ocean_menu_typo_font_size_mobile":0,"ocean_menu_typo_font_size_unit":"px","ocean_menu_typo_font_weight":"","ocean_menu_typo_font_weight_tablet":"","ocean_menu_typo_font_weight_mobile":"","ocean_menu_typo_transform":"","ocean_menu_typo_transform_tablet":"","ocean_menu_typo_transform_mobile":"","ocean_menu_typo_line_height":0,"ocean_menu_typo_line_height_tablet":0,"ocean_menu_typo_line_height_mobile":0,"ocean_menu_typo_line_height_unit":"","ocean_menu_typo_spacing":0,"ocean_menu_typo_spacing_tablet":0,"ocean_menu_typo_spacing_mobile":0,"ocean_menu_typo_spacing_unit":"","ocean_menu_link_color":"","ocean_menu_link_color_hover":"","ocean_menu_link_color_active":"","ocean_menu_link_background":"","ocean_menu_link_hover_background":"","ocean_menu_link_active_background":"","ocean_menu_social_links_bg":"","ocean_menu_social_hover_links_bg":"","ocean_menu_social_links_color":"","ocean_menu_social_hover_links_color":"","ocean_disable_title":"default","ocean_disable_heading":"default","ocean_post_title":"","ocean_post_subheading":"","ocean_post_title_style":"","ocean_post_title_background_color":"","ocean_post_title_background":0,"ocean_post_title_bg_image_position":"","ocean_post_title_bg_image_attachment":"","ocean_post_title_bg_image_repeat":"","ocean_post_title_bg_image_size":"","ocean_post_title_height":0,"ocean_post_title_bg_overlay":0.5,"ocean_post_title_bg_overlay_color":"","ocean_disable_breadcrumbs":"default","ocean_breadcrumbs_color":"","ocean_breadcrumbs_separator_color":"","ocean_breadcrumbs_links_color":"","ocean_breadcrumbs_links_hover_color":"","ocean_display_footer_widgets":"default","ocean_display_footer_bottom":"default","ocean_custom_footer_template":"0","footnotes":""},"class_list":["post-2036","page","type-page","status-publish","hentry","entry"],"_links":{"self":[{"href":"https:\/\/digimittelschule2badgoisern.at\/index.php?rest_route=\/wp\/v2\/pages\/2036","targetHints":{"allow":["GET"]}}],"collection":[{"href":"https:\/\/digimittelschule2badgoisern.at\/index.php?rest_route=\/wp\/v2\/pages"}],"about":[{"href":"https:\/\/digimittelschule2badgoisern.at\/index.php?rest_route=\/wp\/v2\/types\/page"}],"author":[{"embeddable":true,"href":"https:\/\/digimittelschule2badgoisern.at\/index.php?rest_route=\/wp\/v2\/users\/1"}],"replies":[{"embeddable":true,"href":"https:\/\/digimittelschule2badgoisern.at\/index.php?rest_route=%2Fwp%2Fv2%2Fcomments&post=2036"}],"version-history":[{"count":27,"href":"https:\/\/digimittelschule2badgoisern.at\/index.php?rest_route=\/wp\/v2\/pages\/2036\/revisions"}],"predecessor-version":[{"id":5228,"href":"https:\/\/digimittelschule2badgoisern.at\/index.php?rest_route=\/wp\/v2\/pages\/2036\/revisions\/5228"}],"wp:attachment":[{"href":"https:\/\/digimittelschule2badgoisern.at\/index.php?rest_route=%2Fwp%2Fv2%2Fmedia&parent=2036"}],"curies":[{"name":"wp","href":"https:\/\/api.w.org\/{rel}","templated":true}]}}