{"id":21,"date":"2020-08-25T16:45:53","date_gmt":"2020-08-25T16:45:53","guid":{"rendered":"https:\/\/digimittelschule2badgoisern.at\/?page_id=21"},"modified":"2021-01-26T08:01:17","modified_gmt":"2021-01-26T08:01:17","slug":"lehrerfortbildung-digital","status":"publish","type":"page","link":"https:\/\/digimittelschule2badgoisern.at\/?page_id=21","title":{"rendered":"Lehrerfortbildung"},"content":{"rendered":"\t\t<div data-elementor-type=\"wp-page\" data-elementor-id=\"21\" class=\"elementor elementor-21\" data-elementor-post-type=\"page\">\n\t\t\t\t\t\t<section class=\"elementor-section elementor-top-section elementor-element elementor-element-e12ed44 elementor-section-boxed elementor-section-height-default elementor-section-height-default\" data-id=\"e12ed44\" data-element_type=\"section\">\n\t\t\t\t\t\t<div class=\"elementor-container elementor-column-gap-default\">\n\t\t\t\t\t<div class=\"elementor-column elementor-col-100 elementor-top-column elementor-element elementor-element-f25be18\" data-id=\"f25be18\" data-element_type=\"column\">\n\t\t\t<div class=\"elementor-widget-wrap elementor-element-populated\">\n\t\t\t\t\t\t<div class=\"elementor-element elementor-element-ebfae03 elementor-widget elementor-widget-text-editor\" data-id=\"ebfae03\" data-element_type=\"widget\" data-widget_type=\"text-editor.default\">\n\t\t\t\t<div class=\"elementor-widget-container\">\n\t\t\t\t\t\t\t\t\t\t\t\t\t<\/div>\n\t\t\t\t<\/div>\n\t\t\t\t\t<\/div>\n\t\t<\/div>\n\t\t\t\t\t<\/div>\n\t\t<\/section>\n\t\t\t\t<section class=\"elementor-section elementor-top-section elementor-element elementor-element-e4afdcb elementor-section-boxed elementor-section-height-default elementor-section-height-default\" data-id=\"e4afdcb\" data-element_type=\"section\">\n\t\t\t\t\t\t<div class=\"elementor-container elementor-column-gap-default\">\n\t\t\t\t\t<div class=\"elementor-column elementor-col-100 elementor-top-column elementor-element elementor-element-f3e887e\" data-id=\"f3e887e\" data-element_type=\"column\">\n\t\t\t<div class=\"elementor-widget-wrap elementor-element-populated\">\n\t\t\t\t\t\t<div class=\"elementor-element elementor-element-aac407a elementor-widget elementor-widget-text-editor\" data-id=\"aac407a\" data-element_type=\"widget\" data-widget_type=\"text-editor.default\">\n\t\t\t\t<div class=\"elementor-widget-container\">\n\t\t\t\t\t\t\t<p><span style=\"color: #000000;\"><b>Lehrerfortbildung im digitalen Wandel<\/b><\/span><\/p><p><span style=\"color: #000000;\">Digitale Bildung wird an unserer Schule nicht nur bei den Kindern gro\u00df geschrieben, sondern ist auch ein wesentlicher Faktor in der Fortbildung der Lehrerinnen und Lehrer. Mag. Brigitte Atzmanstorfer: \u201eDie Kolleginnen und Kollegen bilden sich individuell weiter, wir bieten schulinterne und schul\u00fcbergreifende Workshops an und besuchen auch gemeinsam Fachmessen und Tagungen. So nehmen wir regelm\u00e4\u00dfig an Vernetzungstreffen wie \u201aGewalt-Schule-Medien\u2018 oder der \u201adidactaDIGITAL\u2018 teil, bei denen innovative p\u00e4dagogische Konzepte und praxisorientierte digitale L\u00f6sungen am Programm stehen.&#8220;<\/span><\/p><p><span style=\"color: #000000;\">Eine Unterrichtsentwicklung, die dem digitalen Wandel Rechnung tr\u00e4gt, gelingt durch die Weiterentwicklung der eigenen Kompetenzen durch Lehrerfortbildung sowie durch Erfahrungsaufbau und Erfahrungsaustausch.<\/span><\/p>\t\t\t\t\t\t<\/div>\n\t\t\t\t<\/div>\n\t\t\t\t\t<\/div>\n\t\t<\/div>\n\t\t\t\t\t<\/div>\n\t\t<\/section>\n\t\t\t\t<section class=\"elementor-section elementor-top-section elementor-element elementor-element-2b3e880 elementor-section-boxed elementor-section-height-default elementor-section-height-default\" data-id=\"2b3e880\" data-element_type=\"section\">\n\t\t\t\t\t\t<div class=\"elementor-container elementor-column-gap-default\">\n\t\t\t\t\t<div class=\"elementor-column elementor-col-100 elementor-top-column elementor-element elementor-element-9277e4f\" data-id=\"9277e4f\" data-element_type=\"column\">\n\t\t\t<div class=\"elementor-widget-wrap elementor-element-populated\">\n\t\t\t\t\t\t<div class=\"elementor-element elementor-element-e181f0b elementor-widget elementor-widget-gallery\" data-id=\"e181f0b\" data-element_type=\"widget\" data-settings=\"{&quot;gap&quot;:{&quot;unit&quot;:&quot;px&quot;,&quot;size&quot;:20,&quot;sizes&quot;:[]},&quot;lazyload&quot;:&quot;yes&quot;,&quot;gallery_layout&quot;:&quot;grid&quot;,&quot;columns&quot;:4,&quot;columns_tablet&quot;:2,&quot;columns_mobile&quot;:1,&quot;gap_tablet&quot;:{&quot;unit&quot;:&quot;px&quot;,&quot;size&quot;:10,&quot;sizes&quot;:[]},&quot;gap_mobile&quot;:{&quot;unit&quot;:&quot;px&quot;,&quot;size&quot;:10,&quot;sizes&quot;:[]},&quot;link_to&quot;:&quot;file&quot;,&quot;aspect_ratio&quot;:&quot;3:2&quot;,&quot;overlay_background&quot;:&quot;yes&quot;,&quot;content_hover_animation&quot;:&quot;fade-in&quot;}\" data-widget_type=\"gallery.default\">\n\t\t\t\t<div class=\"elementor-widget-container\">\n\t\t\t\t\t<div class=\"elementor-gallery__container\">\n\t\t\t\t\t\t\t<a class=\"e-gallery-item elementor-gallery-item elementor-animated-content\" href=\"https:\/\/digimittelschule2badgoisern.at\/wp-content\/uploads\/2020\/09\/IMG_1086-scaled.jpg\" data-elementor-open-lightbox=\"yes\" data-elementor-lightbox-slideshow=\"e181f0b\" data-e-action-hash=\"#elementor-action%3Aaction%3Dlightbox%26settings%3DeyJpZCI6MjU5LCJ1cmwiOiJodHRwczpcL1wvZGlnaW1pdHRlbHNjaHVsZTJiYWRnb2lzZXJuLmF0XC93cC1jb250ZW50XC91cGxvYWRzXC8yMDIwXC8wOVwvSU1HXzEwODYtc2NhbGVkLmpwZyIsInNsaWRlc2hvdyI6ImUxODFmMGIifQ%3D%3D\">\n\t\t\t\t\t<div class=\"e-gallery-image elementor-gallery-item__image\" data-thumbnail=\"https:\/\/digimittelschule2badgoisern.at\/wp-content\/uploads\/2020\/09\/IMG_1086-300x225.jpg\" data-width=\"300\" data-height=\"225\" aria-label=\"\" role=\"img\" ><\/div>\n\t\t\t\t\t\t\t\t\t\t\t<div class=\"elementor-gallery-item__overlay\"><\/div>\n\t\t\t\t\t\t\t\t\t\t\t\t\t\t<\/a>\n\t\t\t\t\t\t\t<a class=\"e-gallery-item elementor-gallery-item elementor-animated-content\" href=\"https:\/\/digimittelschule2badgoisern.at\/wp-content\/uploads\/2020\/09\/IMG_1438-scaled.jpg\" data-elementor-open-lightbox=\"yes\" data-elementor-lightbox-slideshow=\"e181f0b\" data-e-action-hash=\"#elementor-action%3Aaction%3Dlightbox%26settings%3DeyJpZCI6MjYyLCJ1cmwiOiJodHRwczpcL1wvZGlnaW1pdHRlbHNjaHVsZTJiYWRnb2lzZXJuLmF0XC93cC1jb250ZW50XC91cGxvYWRzXC8yMDIwXC8wOVwvSU1HXzE0Mzgtc2NhbGVkLmpwZyIsInNsaWRlc2hvdyI6ImUxODFmMGIifQ%3D%3D\">\n\t\t\t\t\t<div class=\"e-gallery-image elementor-gallery-item__image\" data-thumbnail=\"https:\/\/digimittelschule2badgoisern.at\/wp-content\/uploads\/2020\/09\/IMG_1438-300x225.jpg\" data-width=\"300\" data-height=\"225\" aria-label=\"\" role=\"img\" ><\/div>\n\t\t\t\t\t\t\t\t\t\t\t<div class=\"elementor-gallery-item__overlay\"><\/div>\n\t\t\t\t\t\t\t\t\t\t\t\t\t\t<\/a>\n\t\t\t\t\t\t\t<a class=\"e-gallery-item elementor-gallery-item elementor-animated-content\" href=\"https:\/\/digimittelschule2badgoisern.at\/wp-content\/uploads\/2020\/09\/Kopie-von-Brigitte_Gerh-scaled.jpg\" data-elementor-open-lightbox=\"yes\" data-elementor-lightbox-slideshow=\"e181f0b\" data-e-action-hash=\"#elementor-action%3Aaction%3Dlightbox%26settings%3DeyJpZCI6MjYzLCJ1cmwiOiJodHRwczpcL1wvZGlnaW1pdHRlbHNjaHVsZTJiYWRnb2lzZXJuLmF0XC93cC1jb250ZW50XC91cGxvYWRzXC8yMDIwXC8wOVwvS29waWUtdm9uLUJyaWdpdHRlX0dlcmgtc2NhbGVkLmpwZyIsInNsaWRlc2hvdyI6ImUxODFmMGIifQ%3D%3D\">\n\t\t\t\t\t<div class=\"e-gallery-image elementor-gallery-item__image\" data-thumbnail=\"https:\/\/digimittelschule2badgoisern.at\/wp-content\/uploads\/2020\/09\/Kopie-von-Brigitte_Gerh-300x225.jpg\" data-width=\"300\" data-height=\"225\" aria-label=\"\" role=\"img\" ><\/div>\n\t\t\t\t\t\t\t\t\t\t\t<div class=\"elementor-gallery-item__overlay\"><\/div>\n\t\t\t\t\t\t\t\t\t\t\t\t\t\t<\/a>\n\t\t\t\t\t\t\t<a class=\"e-gallery-item elementor-gallery-item elementor-animated-content\" href=\"https:\/\/digimittelschule2badgoisern.at\/wp-content\/uploads\/2020\/09\/Kopie-von-Didacta_1-scaled.jpg\" data-elementor-open-lightbox=\"yes\" data-elementor-lightbox-slideshow=\"e181f0b\" data-e-action-hash=\"#elementor-action%3Aaction%3Dlightbox%26settings%3DeyJpZCI6MjY0LCJ1cmwiOiJodHRwczpcL1wvZGlnaW1pdHRlbHNjaHVsZTJiYWRnb2lzZXJuLmF0XC93cC1jb250ZW50XC91cGxvYWRzXC8yMDIwXC8wOVwvS29waWUtdm9uLURpZGFjdGFfMS1zY2FsZWQuanBnIiwic2xpZGVzaG93IjoiZTE4MWYwYiJ9\">\n\t\t\t\t\t<div class=\"e-gallery-image elementor-gallery-item__image\" data-thumbnail=\"https:\/\/digimittelschule2badgoisern.at\/wp-content\/uploads\/2020\/09\/Kopie-von-Didacta_1-300x225.jpg\" data-width=\"300\" data-height=\"225\" aria-label=\"\" role=\"img\" ><\/div>\n\t\t\t\t\t\t\t\t\t\t\t<div class=\"elementor-gallery-item__overlay\"><\/div>\n\t\t\t\t\t\t\t\t\t\t\t\t\t\t<\/a>\n\t\t\t\t\t\t\t<a class=\"e-gallery-item elementor-gallery-item elementor-animated-content\" href=\"https:\/\/digimittelschule2badgoisern.at\/wp-content\/uploads\/2020\/09\/Kopie-von-Didacta_Gerhard_Brigitte-scaled.jpg\" data-elementor-open-lightbox=\"yes\" data-elementor-lightbox-slideshow=\"e181f0b\" data-e-action-hash=\"#elementor-action%3Aaction%3Dlightbox%26settings%3DeyJpZCI6MjY1LCJ1cmwiOiJodHRwczpcL1wvZGlnaW1pdHRlbHNjaHVsZTJiYWRnb2lzZXJuLmF0XC93cC1jb250ZW50XC91cGxvYWRzXC8yMDIwXC8wOVwvS29waWUtdm9uLURpZGFjdGFfR2VyaGFyZF9CcmlnaXR0ZS1zY2FsZWQuanBnIiwic2xpZGVzaG93IjoiZTE4MWYwYiJ9\">\n\t\t\t\t\t<div class=\"e-gallery-image elementor-gallery-item__image\" data-thumbnail=\"https:\/\/digimittelschule2badgoisern.at\/wp-content\/uploads\/2020\/09\/Kopie-von-Didacta_Gerhard_Brigitte-300x225.jpg\" data-width=\"300\" data-height=\"225\" aria-label=\"\" role=\"img\" ><\/div>\n\t\t\t\t\t\t\t\t\t\t\t<div class=\"elementor-gallery-item__overlay\"><\/div>\n\t\t\t\t\t\t\t\t\t\t\t\t\t\t<\/a>\n\t\t\t\t\t\t\t<a class=\"e-gallery-item elementor-gallery-item elementor-animated-content\" href=\"https:\/\/digimittelschule2badgoisern.at\/wp-content\/uploads\/2020\/09\/Kopie-von-Roboter-scaled.jpg\" data-elementor-open-lightbox=\"yes\" data-elementor-lightbox-slideshow=\"e181f0b\" data-e-action-hash=\"#elementor-action%3Aaction%3Dlightbox%26settings%3DeyJpZCI6MjY3LCJ1cmwiOiJodHRwczpcL1wvZGlnaW1pdHRlbHNjaHVsZTJiYWRnb2lzZXJuLmF0XC93cC1jb250ZW50XC91cGxvYWRzXC8yMDIwXC8wOVwvS29waWUtdm9uLVJvYm90ZXItc2NhbGVkLmpwZyIsInNsaWRlc2hvdyI6ImUxODFmMGIifQ%3D%3D\">\n\t\t\t\t\t<div class=\"e-gallery-image elementor-gallery-item__image\" data-thumbnail=\"https:\/\/digimittelschule2badgoisern.at\/wp-content\/uploads\/2020\/09\/Kopie-von-Roboter-300x225.jpg\" data-width=\"300\" data-height=\"225\" aria-label=\"\" role=\"img\" ><\/div>\n\t\t\t\t\t\t\t\t\t\t\t<div class=\"elementor-gallery-item__overlay\"><\/div>\n\t\t\t\t\t\t\t\t\t\t\t\t\t\t<\/a>\n\t\t\t\t\t\t\t<a class=\"e-gallery-item elementor-gallery-item elementor-animated-content\" href=\"https:\/\/digimittelschule2badgoisern.at\/wp-content\/uploads\/2020\/09\/Kopie-von-iPad_Innovation_days-scaled.jpg\" data-elementor-open-lightbox=\"yes\" data-elementor-lightbox-slideshow=\"e181f0b\" data-e-action-hash=\"#elementor-action%3Aaction%3Dlightbox%26settings%3DeyJpZCI6MjY2LCJ1cmwiOiJodHRwczpcL1wvZGlnaW1pdHRlbHNjaHVsZTJiYWRnb2lzZXJuLmF0XC93cC1jb250ZW50XC91cGxvYWRzXC8yMDIwXC8wOVwvS29waWUtdm9uLWlQYWRfSW5ub3ZhdGlvbl9kYXlzLXNjYWxlZC5qcGciLCJzbGlkZXNob3ciOiJlMTgxZjBiIn0%3D\">\n\t\t\t\t\t<div class=\"e-gallery-image elementor-gallery-item__image\" data-thumbnail=\"https:\/\/digimittelschule2badgoisern.at\/wp-content\/uploads\/2020\/09\/Kopie-von-iPad_Innovation_days-300x225.jpg\" data-width=\"300\" data-height=\"225\" aria-label=\"\" role=\"img\" ><\/div>\n\t\t\t\t\t\t\t\t\t\t\t<div class=\"elementor-gallery-item__overlay\"><\/div>\n\t\t\t\t\t\t\t\t\t\t\t\t\t\t<\/a>\n\t\t\t\t\t<\/div>\n\t\t\t<\/div>\n\t\t\t\t<\/div>\n\t\t\t\t\t<\/div>\n\t\t<\/div>\n\t\t\t\t\t<\/div>\n\t\t<\/section>\n\t\t\t\t<\/div>\n\t\t","protected":false},"excerpt":{"rendered":"<p>Lehrerfortbildung im digitalen Wandel Digitale Bildung wird an unserer Schule nicht nur bei den Kindern gro\u00df geschrieben, sondern ist auch ein wesentlicher Faktor in der Fortbildung der Lehrerinnen und Lehrer. Mag. Brigitte Atzmanstorfer: \u201eDie Kolleginnen und Kollegen bilden sich individuell weiter, wir bieten schulinterne und schul\u00fcbergreifende Workshops an und besuchen auch gemeinsam Fachmessen und Tagungen. [&hellip;]<\/p>\n","protected":false},"author":1,"featured_media":0,"parent":0,"menu_order":0,"comment_status":"closed","ping_status":"closed","template":"","meta":{"ocean_post_layout":"","ocean_both_sidebars_style":"","ocean_both_sidebars_content_width":0,"ocean_both_sidebars_sidebars_width":0,"ocean_sidebar":"0","ocean_second_sidebar":"0","ocean_disable_margins":"enable","ocean_add_body_class":"","ocean_shortcode_before_top_bar":"","ocean_shortcode_after_top_bar":"","ocean_shortcode_before_header":"","ocean_shortcode_after_header":"","ocean_has_shortcode":"","ocean_shortcode_after_title":"","ocean_shortcode_before_footer_widgets":"","ocean_shortcode_after_footer_widgets":"","ocean_shortcode_before_footer_bottom":"","ocean_shortcode_after_footer_bottom":"","ocean_display_top_bar":"default","ocean_display_header":"default","ocean_header_style":"","ocean_center_header_left_menu":"0","ocean_custom_header_template":"0","ocean_custom_logo":0,"ocean_custom_retina_logo":0,"ocean_custom_logo_max_width":0,"ocean_custom_logo_tablet_max_width":0,"ocean_custom_logo_mobile_max_width":0,"ocean_custom_logo_max_height":0,"ocean_custom_logo_tablet_max_height":0,"ocean_custom_logo_mobile_max_height":0,"ocean_header_custom_menu":"0","ocean_menu_typo_font_family":"0","ocean_menu_typo_font_subset":"","ocean_menu_typo_font_size":0,"ocean_menu_typo_font_size_tablet":0,"ocean_menu_typo_font_size_mobile":0,"ocean_menu_typo_font_size_unit":"px","ocean_menu_typo_font_weight":"","ocean_menu_typo_font_weight_tablet":"","ocean_menu_typo_font_weight_mobile":"","ocean_menu_typo_transform":"","ocean_menu_typo_transform_tablet":"","ocean_menu_typo_transform_mobile":"","ocean_menu_typo_line_height":0,"ocean_menu_typo_line_height_tablet":0,"ocean_menu_typo_line_height_mobile":0,"ocean_menu_typo_line_height_unit":"","ocean_menu_typo_spacing":0,"ocean_menu_typo_spacing_tablet":0,"ocean_menu_typo_spacing_mobile":0,"ocean_menu_typo_spacing_unit":"","ocean_menu_link_color":"","ocean_menu_link_color_hover":"","ocean_menu_link_color_active":"","ocean_menu_link_background":"","ocean_menu_link_hover_background":"","ocean_menu_link_active_background":"","ocean_menu_social_links_bg":"","ocean_menu_social_hover_links_bg":"","ocean_menu_social_links_color":"","ocean_menu_social_hover_links_color":"","ocean_disable_title":"default","ocean_disable_heading":"default","ocean_post_title":"","ocean_post_subheading":"","ocean_post_title_style":"","ocean_post_title_background_color":"","ocean_post_title_background":0,"ocean_post_title_bg_image_position":"","ocean_post_title_bg_image_attachment":"","ocean_post_title_bg_image_repeat":"","ocean_post_title_bg_image_size":"","ocean_post_title_height":0,"ocean_post_title_bg_overlay":0.5,"ocean_post_title_bg_overlay_color":"","ocean_disable_breadcrumbs":"default","ocean_breadcrumbs_color":"","ocean_breadcrumbs_separator_color":"","ocean_breadcrumbs_links_color":"","ocean_breadcrumbs_links_hover_color":"","ocean_display_footer_widgets":"default","ocean_display_footer_bottom":"default","ocean_custom_footer_template":"0","footnotes":""},"class_list":["post-21","page","type-page","status-publish","hentry","entry"],"_links":{"self":[{"href":"https:\/\/digimittelschule2badgoisern.at\/index.php?rest_route=\/wp\/v2\/pages\/21","targetHints":{"allow":["GET"]}}],"collection":[{"href":"https:\/\/digimittelschule2badgoisern.at\/index.php?rest_route=\/wp\/v2\/pages"}],"about":[{"href":"https:\/\/digimittelschule2badgoisern.at\/index.php?rest_route=\/wp\/v2\/types\/page"}],"author":[{"embeddable":true,"href":"https:\/\/digimittelschule2badgoisern.at\/index.php?rest_route=\/wp\/v2\/users\/1"}],"replies":[{"embeddable":true,"href":"https:\/\/digimittelschule2badgoisern.at\/index.php?rest_route=%2Fwp%2Fv2%2Fcomments&post=21"}],"version-history":[{"count":31,"href":"https:\/\/digimittelschule2badgoisern.at\/index.php?rest_route=\/wp\/v2\/pages\/21\/revisions"}],"predecessor-version":[{"id":2450,"href":"https:\/\/digimittelschule2badgoisern.at\/index.php?rest_route=\/wp\/v2\/pages\/21\/revisions\/2450"}],"wp:attachment":[{"href":"https:\/\/digimittelschule2badgoisern.at\/index.php?rest_route=%2Fwp%2Fv2%2Fmedia&parent=21"}],"curies":[{"name":"wp","href":"https:\/\/api.w.org\/{rel}","templated":true}]}}