{"id":345,"date":"2020-10-08T13:06:12","date_gmt":"2020-10-08T13:06:12","guid":{"rendered":"https:\/\/digimittelschule2badgoisern.at\/?page_id=345"},"modified":"2021-01-26T09:10:47","modified_gmt":"2021-01-26T09:10:47","slug":"edupage","status":"publish","type":"page","link":"https:\/\/digimittelschule2badgoisern.at\/?page_id=345","title":{"rendered":"Edupage"},"content":{"rendered":"\t\t<div data-elementor-type=\"wp-page\" data-elementor-id=\"345\" class=\"elementor elementor-345\" data-elementor-post-type=\"page\">\n\t\t\t\t\t\t<section class=\"elementor-section elementor-top-section elementor-element elementor-element-c57d78e elementor-section-boxed elementor-section-height-default elementor-section-height-default\" data-id=\"c57d78e\" data-element_type=\"section\">\n\t\t\t\t\t\t<div class=\"elementor-container elementor-column-gap-default\">\n\t\t\t\t\t<div class=\"elementor-column elementor-col-100 elementor-top-column elementor-element elementor-element-80432c4\" data-id=\"80432c4\" data-element_type=\"column\">\n\t\t\t<div class=\"elementor-widget-wrap elementor-element-populated\">\n\t\t\t\t\t\t<div class=\"elementor-element elementor-element-444f660 elementor-widget elementor-widget-text-editor\" data-id=\"444f660\" data-element_type=\"widget\" data-widget_type=\"text-editor.default\">\n\t\t\t\t<div class=\"elementor-widget-container\">\n\t\t\t\t\t\t\t<p><strong><span style=\"color: #000000;\">Edupage<\/span><span style=\"color: #000000;\"> (Eltern- und Sch\u00fclerkommunikation)<\/span><\/strong><\/p><ul><li><span style=\"color: #3366ff;\"><a style=\"color: #3366ff;\" href=\"https:\/\/nms2badgoisern.edupage.org\">https:\/\/nms2badgoisern.edupage.org<\/a><\/span><\/li><\/ul><p><span style=\"color: #000000;\">Wir verwenden in der Schule \u201eEdupage\u201c als einheitliches Kommunikationsmittel.<\/span><\/p><p><span style=\"text-decoration: underline;\"><span style=\"color: #000000; text-decoration: underline;\">Diese Plattform bietet viele M\u00f6glichkeiten:<\/span><\/span><\/p><ul><li><span style=\"color: #000000;\">Einsicht in den Stundenplan<\/span><\/li><li><span style=\"color: #000000;\">Kommunikation mit allen Lehrerinnen, Lehrern und der Schulleitung<\/span><\/li><li><span style=\"color: #000000;\">Eigene Zug\u00e4nge f\u00fcr Sch\u00fclerinnen, Sch\u00fcler und Eltern<\/span><\/li><\/ul><p><strong><span style=\"color: #000000;\">Sie erhalten die Zugangsdaten (Benutzername, Passwort) per Mail.<\/span><\/strong><\/p><ul><li><span style=\"color: #000000;\">Sie k\u00f6nnen die Seite direkt \u00fcber den Link unserer Homepage (unter Service) aufrufen: <a style=\"color: #000000;\" href=\"https:\/\/nms2badgoisern.edupage.org\">https:\/\/nms2badgoisern.edupage.org<\/a><\/span><\/li><li><span style=\"color: #000000;\">Mit den Zugangsdaten k\u00f6nnen Sie sich einloggen.<\/span><\/li><li><span style=\"color: #000000;\">Unter \u201eBenachrichtigungen\u201c k\u00f6nnen Sie den\/die Empf\u00e4nger ausw\u00e4hlen und Nachrichten verschicken.<\/span><\/li><\/ul>\t\t\t\t\t\t<\/div>\n\t\t\t\t<\/div>\n\t\t\t\t\t<\/div>\n\t\t<\/div>\n\t\t\t\t\t<\/div>\n\t\t<\/section>\n\t\t\t\t<\/div>\n\t\t","protected":false},"excerpt":{"rendered":"<p>Edupage (Eltern- und Sch\u00fclerkommunikation) https:\/\/nms2badgoisern.edupage.org Wir verwenden in der Schule \u201eEdupage\u201c als einheitliches Kommunikationsmittel. Diese Plattform bietet viele M\u00f6glichkeiten: Einsicht in den Stundenplan Kommunikation mit allen Lehrerinnen, Lehrern und der Schulleitung Eigene Zug\u00e4nge f\u00fcr Sch\u00fclerinnen, Sch\u00fcler und Eltern Sie erhalten die Zugangsdaten (Benutzername, Passwort) per Mail. Sie k\u00f6nnen die Seite direkt \u00fcber den Link unserer [&hellip;]<\/p>\n","protected":false},"author":1,"featured_media":0,"parent":0,"menu_order":0,"comment_status":"closed","ping_status":"closed","template":"","meta":{"ocean_post_layout":"","ocean_both_sidebars_style":"","ocean_both_sidebars_content_width":0,"ocean_both_sidebars_sidebars_width":0,"ocean_sidebar":"0","ocean_second_sidebar":"0","ocean_disable_margins":"enable","ocean_add_body_class":"","ocean_shortcode_before_top_bar":"","ocean_shortcode_after_top_bar":"","ocean_shortcode_before_header":"","ocean_shortcode_after_header":"","ocean_has_shortcode":"","ocean_shortcode_after_title":"","ocean_shortcode_before_footer_widgets":"","ocean_shortcode_after_footer_widgets":"","ocean_shortcode_before_footer_bottom":"","ocean_shortcode_after_footer_bottom":"","ocean_display_top_bar":"default","ocean_display_header":"default","ocean_header_style":"","ocean_center_header_left_menu":"0","ocean_custom_header_template":"0","ocean_custom_logo":0,"ocean_custom_retina_logo":0,"ocean_custom_logo_max_width":0,"ocean_custom_logo_tablet_max_width":0,"ocean_custom_logo_mobile_max_width":0,"ocean_custom_logo_max_height":0,"ocean_custom_logo_tablet_max_height":0,"ocean_custom_logo_mobile_max_height":0,"ocean_header_custom_menu":"0","ocean_menu_typo_font_family":"0","ocean_menu_typo_font_subset":"","ocean_menu_typo_font_size":0,"ocean_menu_typo_font_size_tablet":0,"ocean_menu_typo_font_size_mobile":0,"ocean_menu_typo_font_size_unit":"px","ocean_menu_typo_font_weight":"","ocean_menu_typo_font_weight_tablet":"","ocean_menu_typo_font_weight_mobile":"","ocean_menu_typo_transform":"","ocean_menu_typo_transform_tablet":"","ocean_menu_typo_transform_mobile":"","ocean_menu_typo_line_height":0,"ocean_menu_typo_line_height_tablet":0,"ocean_menu_typo_line_height_mobile":0,"ocean_menu_typo_line_height_unit":"","ocean_menu_typo_spacing":0,"ocean_menu_typo_spacing_tablet":0,"ocean_menu_typo_spacing_mobile":0,"ocean_menu_typo_spacing_unit":"","ocean_menu_link_color":"","ocean_menu_link_color_hover":"","ocean_menu_link_color_active":"","ocean_menu_link_background":"","ocean_menu_link_hover_background":"","ocean_menu_link_active_background":"","ocean_menu_social_links_bg":"","ocean_menu_social_hover_links_bg":"","ocean_menu_social_links_color":"","ocean_menu_social_hover_links_color":"","ocean_disable_title":"default","ocean_disable_heading":"default","ocean_post_title":"","ocean_post_subheading":"","ocean_post_title_style":"","ocean_post_title_background_color":"","ocean_post_title_background":0,"ocean_post_title_bg_image_position":"","ocean_post_title_bg_image_attachment":"","ocean_post_title_bg_image_repeat":"","ocean_post_title_bg_image_size":"","ocean_post_title_height":0,"ocean_post_title_bg_overlay":0.5,"ocean_post_title_bg_overlay_color":"","ocean_disable_breadcrumbs":"default","ocean_breadcrumbs_color":"","ocean_breadcrumbs_separator_color":"","ocean_breadcrumbs_links_color":"","ocean_breadcrumbs_links_hover_color":"","ocean_display_footer_widgets":"default","ocean_display_footer_bottom":"default","ocean_custom_footer_template":"0","footnotes":""},"class_list":["post-345","page","type-page","status-publish","hentry","entry"],"_links":{"self":[{"href":"https:\/\/digimittelschule2badgoisern.at\/index.php?rest_route=\/wp\/v2\/pages\/345","targetHints":{"allow":["GET"]}}],"collection":[{"href":"https:\/\/digimittelschule2badgoisern.at\/index.php?rest_route=\/wp\/v2\/pages"}],"about":[{"href":"https:\/\/digimittelschule2badgoisern.at\/index.php?rest_route=\/wp\/v2\/types\/page"}],"author":[{"embeddable":true,"href":"https:\/\/digimittelschule2badgoisern.at\/index.php?rest_route=\/wp\/v2\/users\/1"}],"replies":[{"embeddable":true,"href":"https:\/\/digimittelschule2badgoisern.at\/index.php?rest_route=%2Fwp%2Fv2%2Fcomments&post=345"}],"version-history":[{"count":27,"href":"https:\/\/digimittelschule2badgoisern.at\/index.php?rest_route=\/wp\/v2\/pages\/345\/revisions"}],"predecessor-version":[{"id":2593,"href":"https:\/\/digimittelschule2badgoisern.at\/index.php?rest_route=\/wp\/v2\/pages\/345\/revisions\/2593"}],"wp:attachment":[{"href":"https:\/\/digimittelschule2badgoisern.at\/index.php?rest_route=%2Fwp%2Fv2%2Fmedia&parent=345"}],"curies":[{"name":"wp","href":"https:\/\/api.w.org\/{rel}","templated":true}]}}