{"id":41,"date":"2020-08-25T16:49:14","date_gmt":"2020-08-25T16:49:14","guid":{"rendered":"https:\/\/digimittelschule2badgoisern.at\/?page_id=41"},"modified":"2023-01-11T13:01:58","modified_gmt":"2023-01-11T13:01:58","slug":"inklusion","status":"publish","type":"page","link":"https:\/\/digimittelschule2badgoisern.at\/?page_id=41","title":{"rendered":"Inklusion"},"content":{"rendered":"\t\t<div data-elementor-type=\"wp-page\" data-elementor-id=\"41\" class=\"elementor elementor-41\" data-elementor-post-type=\"page\">\n\t\t\t\t\t\t<section class=\"elementor-section elementor-top-section elementor-element elementor-element-f01b3da elementor-section-boxed elementor-section-height-default elementor-section-height-default\" data-id=\"f01b3da\" data-element_type=\"section\">\n\t\t\t\t\t\t<div class=\"elementor-container elementor-column-gap-default\">\n\t\t\t\t\t<div class=\"elementor-column elementor-col-100 elementor-top-column elementor-element elementor-element-febf94d\" data-id=\"febf94d\" data-element_type=\"column\">\n\t\t\t<div class=\"elementor-widget-wrap elementor-element-populated\">\n\t\t\t\t\t\t<div class=\"elementor-element elementor-element-3d75126 elementor-widget elementor-widget-text-editor\" data-id=\"3d75126\" data-element_type=\"widget\" data-widget_type=\"text-editor.default\">\n\t\t\t\t<div class=\"elementor-widget-container\">\n\t\t\t\t\t\t\t<p><span style=\"color: #000000;\"><strong>Inklusion\u00a0<\/strong><\/span><\/p><p style=\"text-align: left;\"><span style=\"color: #000000;\">Bei der UNESCO &#8211; Konferenz \u201e<i>P\u00e4dagogik f\u00fcr besondere Bed\u00fcrfnisse: Zugang und Qualit\u00e4<\/i>t&#8220; im Jahr 1994 wurde folgender Leitsatz beschlossen (<em>Salamanca Erkl\u00e4rung)<\/em>:\u00a0<\/span><\/p><p style=\"text-align: left; padding-left: 80px;\"><span style=\"color: #000000;\">\u201eDas Leitprinzip, das diesem Rahmen zugrunde liegt, besagt, dass Schulen alle Kinder, unabh\u00e4ngig von ihren physischen, intellektuellen, sozialen, emotionalen, sprachlichen oder anderen F\u00e4higkeiten aufnehmen sollen. Das soll behinderte und begabte Kinder einschlie\u00dfen, Kinder von entlegenen oder nomadischen V\u00f6lkern, von sprachlichen, kulturellen oder ethnischen Minorit\u00e4ten sowie Kinder von anders benachteiligten Randgruppen oder -gebieten.\u201c<br \/><br \/><\/span><\/p><p><span style=\"color: #000000;\">Die MS 2 Bad Goisern bem\u00fcht sich seit den 90er Jahren um die Umsetzung dieser Erkl\u00e4rung.\u00a0<br \/><\/span><span style=\"color: #000000;\">Alle Kinder verdienen eine Ausbildung, die sie entsprechend ihrer F\u00e4higkeiten f\u00f6rdert und st\u00e4rkt.\u00a0<br \/><\/span><span style=\"color: #000000;\">Wir m\u00f6chten eine inklusive Schule sein.\u00a0<\/span><\/p><p>\u00a0<\/p><p><span style=\"color: #000000;\">Inklusion bedeutet <span style=\"color: #ff0000;\">miteinander lernen,<\/span> <span style=\"color: #339966;\">miteinander reden, <\/span><span style=\"color: #0000ff;\">miteinander arbeiten,<\/span> <span style=\"color: #ff00ff;\">miteinander lachen<\/span>. Kinder mit und ohne F\u00f6rderbedarf lernen bei uns gemeinsam.\u00a0<\/span><\/p>\t\t\t\t\t\t<\/div>\n\t\t\t\t<\/div>\n\t\t\t\t\t<\/div>\n\t\t<\/div>\n\t\t\t\t\t<\/div>\n\t\t<\/section>\n\t\t\t\t<\/div>\n\t\t","protected":false},"excerpt":{"rendered":"<p>Inklusion&nbsp; Bei der UNESCO &#8211; Konferenz \u201eP\u00e4dagogik f\u00fcr besondere Bed\u00fcrfnisse: Zugang und Qualit\u00e4t&#8220; im Jahr 1994 wurde folgender Leitsatz beschlossen (Salamanca Erkl\u00e4rung):&nbsp; \u201eDas Leitprinzip, das diesem Rahmen zugrunde liegt, besagt, dass Schulen alle Kinder, unabh\u00e4ngig von ihren physischen, intellektuellen, sozialen, emotionalen, sprachlichen oder anderen F\u00e4higkeiten aufnehmen sollen. Das soll behinderte und begabte Kinder einschlie\u00dfen, Kinder [&hellip;]<\/p>\n","protected":false},"author":1,"featured_media":0,"parent":0,"menu_order":0,"comment_status":"closed","ping_status":"closed","template":"","meta":{"ocean_post_layout":"","ocean_both_sidebars_style":"","ocean_both_sidebars_content_width":0,"ocean_both_sidebars_sidebars_width":0,"ocean_sidebar":"0","ocean_second_sidebar":"0","ocean_disable_margins":"enable","ocean_add_body_class":"","ocean_shortcode_before_top_bar":"","ocean_shortcode_after_top_bar":"","ocean_shortcode_before_header":"","ocean_shortcode_after_header":"","ocean_has_shortcode":"","ocean_shortcode_after_title":"","ocean_shortcode_before_footer_widgets":"","ocean_shortcode_after_footer_widgets":"","ocean_shortcode_before_footer_bottom":"","ocean_shortcode_after_footer_bottom":"","ocean_display_top_bar":"default","ocean_display_header":"default","ocean_header_style":"","ocean_center_header_left_menu":"0","ocean_custom_header_template":"0","ocean_custom_logo":0,"ocean_custom_retina_logo":0,"ocean_custom_logo_max_width":0,"ocean_custom_logo_tablet_max_width":0,"ocean_custom_logo_mobile_max_width":0,"ocean_custom_logo_max_height":0,"ocean_custom_logo_tablet_max_height":0,"ocean_custom_logo_mobile_max_height":0,"ocean_header_custom_menu":"0","ocean_menu_typo_font_family":"0","ocean_menu_typo_font_subset":"","ocean_menu_typo_font_size":0,"ocean_menu_typo_font_size_tablet":0,"ocean_menu_typo_font_size_mobile":0,"ocean_menu_typo_font_size_unit":"px","ocean_menu_typo_font_weight":"","ocean_menu_typo_font_weight_tablet":"","ocean_menu_typo_font_weight_mobile":"","ocean_menu_typo_transform":"","ocean_menu_typo_transform_tablet":"","ocean_menu_typo_transform_mobile":"","ocean_menu_typo_line_height":0,"ocean_menu_typo_line_height_tablet":0,"ocean_menu_typo_line_height_mobile":0,"ocean_menu_typo_line_height_unit":"","ocean_menu_typo_spacing":0,"ocean_menu_typo_spacing_tablet":0,"ocean_menu_typo_spacing_mobile":0,"ocean_menu_typo_spacing_unit":"","ocean_menu_link_color":"","ocean_menu_link_color_hover":"","ocean_menu_link_color_active":"","ocean_menu_link_background":"","ocean_menu_link_hover_background":"","ocean_menu_link_active_background":"","ocean_menu_social_links_bg":"","ocean_menu_social_hover_links_bg":"","ocean_menu_social_links_color":"","ocean_menu_social_hover_links_color":"","ocean_disable_title":"default","ocean_disable_heading":"default","ocean_post_title":"","ocean_post_subheading":"","ocean_post_title_style":"","ocean_post_title_background_color":"","ocean_post_title_background":0,"ocean_post_title_bg_image_position":"","ocean_post_title_bg_image_attachment":"","ocean_post_title_bg_image_repeat":"","ocean_post_title_bg_image_size":"","ocean_post_title_height":0,"ocean_post_title_bg_overlay":0.5,"ocean_post_title_bg_overlay_color":"","ocean_disable_breadcrumbs":"default","ocean_breadcrumbs_color":"","ocean_breadcrumbs_separator_color":"","ocean_breadcrumbs_links_color":"","ocean_breadcrumbs_links_hover_color":"","ocean_display_footer_widgets":"default","ocean_display_footer_bottom":"default","ocean_custom_footer_template":"0","footnotes":""},"class_list":["post-41","page","type-page","status-publish","hentry","entry"],"_links":{"self":[{"href":"https:\/\/digimittelschule2badgoisern.at\/index.php?rest_route=\/wp\/v2\/pages\/41","targetHints":{"allow":["GET"]}}],"collection":[{"href":"https:\/\/digimittelschule2badgoisern.at\/index.php?rest_route=\/wp\/v2\/pages"}],"about":[{"href":"https:\/\/digimittelschule2badgoisern.at\/index.php?rest_route=\/wp\/v2\/types\/page"}],"author":[{"embeddable":true,"href":"https:\/\/digimittelschule2badgoisern.at\/index.php?rest_route=\/wp\/v2\/users\/1"}],"replies":[{"embeddable":true,"href":"https:\/\/digimittelschule2badgoisern.at\/index.php?rest_route=%2Fwp%2Fv2%2Fcomments&post=41"}],"version-history":[{"count":23,"href":"https:\/\/digimittelschule2badgoisern.at\/index.php?rest_route=\/wp\/v2\/pages\/41\/revisions"}],"predecessor-version":[{"id":5223,"href":"https:\/\/digimittelschule2badgoisern.at\/index.php?rest_route=\/wp\/v2\/pages\/41\/revisions\/5223"}],"wp:attachment":[{"href":"https:\/\/digimittelschule2badgoisern.at\/index.php?rest_route=%2Fwp%2Fv2%2Fmedia&parent=41"}],"curies":[{"name":"wp","href":"https:\/\/api.w.org\/{rel}","templated":true}]}}