{"id":4145,"date":"2022-04-07T10:35:17","date_gmt":"2022-04-07T10:35:17","guid":{"rendered":"https:\/\/digimittelschule2badgoisern.at\/?page_id=4145"},"modified":"2022-04-07T10:36:51","modified_gmt":"2022-04-07T10:36:51","slug":"digi-ms-zukunftsfit-mit-neuen-chromebooks","status":"publish","type":"page","link":"https:\/\/digimittelschule2badgoisern.at\/?page_id=4145","title":{"rendered":"Digi MS zukunftsfit mit neuen Chromebooks"},"content":{"rendered":"\t\t<div data-elementor-type=\"wp-page\" data-elementor-id=\"4145\" class=\"elementor elementor-4145\" data-elementor-post-type=\"page\">\n\t\t\t\t\t\t<section class=\"elementor-section elementor-top-section elementor-element elementor-element-b97d474 elementor-section-boxed elementor-section-height-default elementor-section-height-default\" data-id=\"b97d474\" data-element_type=\"section\">\n\t\t\t\t\t\t<div class=\"elementor-container elementor-column-gap-default\">\n\t\t\t\t\t<div class=\"elementor-column elementor-col-100 elementor-top-column elementor-element elementor-element-53b9111\" data-id=\"53b9111\" data-element_type=\"column\">\n\t\t\t<div class=\"elementor-widget-wrap elementor-element-populated\">\n\t\t\t\t\t\t<div class=\"elementor-element elementor-element-76b3453 elementor-widget elementor-widget-text-editor\" data-id=\"76b3453\" data-element_type=\"widget\" data-widget_type=\"text-editor.default\">\n\t\t\t\t<div class=\"elementor-widget-container\">\n\t\t\t\t\t\t\t<p>Bad Goisern. Kurz nach Schulbeginn erhielten die 1. und 2. Klassen im Rahmen der Ger\u00e4teinitiative des Bundes die lang ersehnten Chromebooks. Nach einigen Wochen kann nun eine erste erfreuliche Zwischenbilanz gezogen werden: Die Arbeit mit den digitalen Endger\u00e4ten funktioniert bereits sehr gut und die Sch\u00fclerinnen und Sch\u00fcler sind mit den wesentlichen Grundlagen schon bestens vertraut.\u00a0\u00a0<\/p><p>Einen gro\u00dfen Vorteil in der Praxis stellt sicherlich die Tatsache dar, dass alle Ger\u00e4te vom zust\u00e4ndigen IT-Administrator der Schule verwaltet werden k\u00f6nnen. Zu den weiteren Vorz\u00fcgen z\u00e4hlen das schnelle Hochfahren sowie die lange Akkulaufzeit des Chromebooks. Nach Arbeitsphasen in der Schule werden die Ger\u00e4te zu Hause von den Sch\u00fclerinnen und Sch\u00fclern aufgeladen. In einer mit den Kindern getroffenen Verhaltensvereinbarung wurden Richtlinien festgelegt, um eine sichere Nutzung zu gew\u00e4hrleisten.<\/p><p>Als besonders hilfreich erwiesen sich die Chromebooks f\u00fcr jene Sch\u00fclerinnen und Sch\u00fcler, die zwischendurch ins\u00a0<i>Distance Learning<\/i>\u00a0wechseln mussten und so die M\u00f6glichkeit hatten, mithilfe des Ger\u00e4ts am Unterricht teilzunehmen bzw. Arbeitsauftr\u00e4ge via\u00a0<i>Google Classroom<\/i>\u00a0online erledigen zu k\u00f6nnen. Auch im Unterricht kommen die digitalen Endger\u00e4te regelm\u00e4\u00dfig zum Einsatz: Nicht nur Apps, sondern auch verschiedenste Online-Tools f\u00fcr die unterschiedlichen F\u00e4cher bringen Abwechslung in den Unterrichtsalltag und erm\u00f6glichen Phasen des eigenst\u00e4ndigen Arbeitens der Sch\u00fclerinnen und Sch\u00fcler, das somit von Beginn an gef\u00f6rdert wird. In einem so gro\u00dfen Ver\u00e4nderungsprozess wie jenem der Digitalisierung k\u00f6nnen Technik und P\u00e4dagogik nicht voneinander getrennt werden. Die sofortige Verwendung der Chromebooks unterstreicht einmal mehr den Stellenwert von digitaler Bildung an unserer Schule. Es soll eine ideale Balance zwischen analogem und digitalem Lernen geschaffen werden, welche die Lernenden fit f\u00fcr ihre berufliche Zukunft macht.<\/p>\t\t\t\t\t\t<\/div>\n\t\t\t\t<\/div>\n\t\t\t\t\t<\/div>\n\t\t<\/div>\n\t\t\t\t\t<\/div>\n\t\t<\/section>\n\t\t\t\t<section class=\"elementor-section elementor-top-section elementor-element elementor-element-8ec5244 elementor-section-boxed elementor-section-height-default elementor-section-height-default\" data-id=\"8ec5244\" data-element_type=\"section\">\n\t\t\t\t\t\t<div class=\"elementor-container elementor-column-gap-default\">\n\t\t\t\t\t<div class=\"elementor-column elementor-col-100 elementor-top-column elementor-element elementor-element-e2174a0\" data-id=\"e2174a0\" data-element_type=\"column\">\n\t\t\t<div class=\"elementor-widget-wrap elementor-element-populated\">\n\t\t\t\t\t\t<div class=\"elementor-element elementor-element-ae5e218 elementor-widget elementor-widget-gallery\" data-id=\"ae5e218\" data-element_type=\"widget\" data-settings=\"{&quot;gap&quot;:{&quot;unit&quot;:&quot;px&quot;,&quot;size&quot;:20,&quot;sizes&quot;:[]},&quot;lazyload&quot;:&quot;yes&quot;,&quot;gallery_layout&quot;:&quot;grid&quot;,&quot;columns&quot;:4,&quot;columns_tablet&quot;:2,&quot;columns_mobile&quot;:1,&quot;gap_tablet&quot;:{&quot;unit&quot;:&quot;px&quot;,&quot;size&quot;:10,&quot;sizes&quot;:[]},&quot;gap_mobile&quot;:{&quot;unit&quot;:&quot;px&quot;,&quot;size&quot;:10,&quot;sizes&quot;:[]},&quot;link_to&quot;:&quot;file&quot;,&quot;aspect_ratio&quot;:&quot;3:2&quot;,&quot;overlay_background&quot;:&quot;yes&quot;,&quot;content_hover_animation&quot;:&quot;fade-in&quot;}\" data-widget_type=\"gallery.default\">\n\t\t\t\t<div class=\"elementor-widget-container\">\n\t\t\t\t\t<div class=\"elementor-gallery__container\">\n\t\t\t\t\t<\/div>\n\t\t\t<\/div>\n\t\t\t\t<\/div>\n\t\t\t\t\t<\/div>\n\t\t<\/div>\n\t\t\t\t\t<\/div>\n\t\t<\/section>\n\t\t\t\t<\/div>\n\t\t","protected":false},"excerpt":{"rendered":"<p>Bad Goisern. Kurz nach Schulbeginn erhielten die 1. und 2. Klassen im Rahmen der Ger\u00e4teinitiative des Bundes die lang ersehnten Chromebooks. Nach einigen Wochen kann nun eine erste erfreuliche Zwischenbilanz gezogen werden: Die Arbeit mit den digitalen Endger\u00e4ten funktioniert bereits sehr gut und die Sch\u00fclerinnen und Sch\u00fcler sind mit den wesentlichen Grundlagen schon bestens vertraut.\u00a0\u00a0 [&hellip;]<\/p>\n","protected":false},"author":1,"featured_media":3820,"parent":0,"menu_order":0,"comment_status":"closed","ping_status":"closed","template":"","meta":{"ocean_post_layout":"","ocean_both_sidebars_style":"","ocean_both_sidebars_content_width":0,"ocean_both_sidebars_sidebars_width":0,"ocean_sidebar":"0","ocean_second_sidebar":"0","ocean_disable_margins":"enable","ocean_add_body_class":"","ocean_shortcode_before_top_bar":"","ocean_shortcode_after_top_bar":"","ocean_shortcode_before_header":"","ocean_shortcode_after_header":"","ocean_has_shortcode":"","ocean_shortcode_after_title":"","ocean_shortcode_before_footer_widgets":"","ocean_shortcode_after_footer_widgets":"","ocean_shortcode_before_footer_bottom":"","ocean_shortcode_after_footer_bottom":"","ocean_display_top_bar":"default","ocean_display_header":"default","ocean_header_style":"","ocean_center_header_left_menu":"0","ocean_custom_header_template":"0","ocean_custom_logo":0,"ocean_custom_retina_logo":0,"ocean_custom_logo_max_width":0,"ocean_custom_logo_tablet_max_width":0,"ocean_custom_logo_mobile_max_width":0,"ocean_custom_logo_max_height":0,"ocean_custom_logo_tablet_max_height":0,"ocean_custom_logo_mobile_max_height":0,"ocean_header_custom_menu":"0","ocean_menu_typo_font_family":"0","ocean_menu_typo_font_subset":"","ocean_menu_typo_font_size":0,"ocean_menu_typo_font_size_tablet":0,"ocean_menu_typo_font_size_mobile":0,"ocean_menu_typo_font_size_unit":"px","ocean_menu_typo_font_weight":"","ocean_menu_typo_font_weight_tablet":"","ocean_menu_typo_font_weight_mobile":"","ocean_menu_typo_transform":"","ocean_menu_typo_transform_tablet":"","ocean_menu_typo_transform_mobile":"","ocean_menu_typo_line_height":0,"ocean_menu_typo_line_height_tablet":0,"ocean_menu_typo_line_height_mobile":0,"ocean_menu_typo_line_height_unit":"","ocean_menu_typo_spacing":0,"ocean_menu_typo_spacing_tablet":0,"ocean_menu_typo_spacing_mobile":0,"ocean_menu_typo_spacing_unit":"","ocean_menu_link_color":"","ocean_menu_link_color_hover":"","ocean_menu_link_color_active":"","ocean_menu_link_background":"","ocean_menu_link_hover_background":"","ocean_menu_link_active_background":"","ocean_menu_social_links_bg":"","ocean_menu_social_hover_links_bg":"","ocean_menu_social_links_color":"","ocean_menu_social_hover_links_color":"","ocean_disable_title":"default","ocean_disable_heading":"default","ocean_post_title":"","ocean_post_subheading":"","ocean_post_title_style":"","ocean_post_title_background_color":"","ocean_post_title_background":0,"ocean_post_title_bg_image_position":"","ocean_post_title_bg_image_attachment":"","ocean_post_title_bg_image_repeat":"","ocean_post_title_bg_image_size":"","ocean_post_title_height":0,"ocean_post_title_bg_overlay":0.5,"ocean_post_title_bg_overlay_color":"","ocean_disable_breadcrumbs":"default","ocean_breadcrumbs_color":"","ocean_breadcrumbs_separator_color":"","ocean_breadcrumbs_links_color":"","ocean_breadcrumbs_links_hover_color":"","ocean_display_footer_widgets":"default","ocean_display_footer_bottom":"default","ocean_custom_footer_template":"0","footnotes":""},"class_list":["post-4145","page","type-page","status-publish","has-post-thumbnail","hentry","entry","has-media"],"_links":{"self":[{"href":"https:\/\/digimittelschule2badgoisern.at\/index.php?rest_route=\/wp\/v2\/pages\/4145","targetHints":{"allow":["GET"]}}],"collection":[{"href":"https:\/\/digimittelschule2badgoisern.at\/index.php?rest_route=\/wp\/v2\/pages"}],"about":[{"href":"https:\/\/digimittelschule2badgoisern.at\/index.php?rest_route=\/wp\/v2\/types\/page"}],"author":[{"embeddable":true,"href":"https:\/\/digimittelschule2badgoisern.at\/index.php?rest_route=\/wp\/v2\/users\/1"}],"replies":[{"embeddable":true,"href":"https:\/\/digimittelschule2badgoisern.at\/index.php?rest_route=%2Fwp%2Fv2%2Fcomments&post=4145"}],"version-history":[{"count":7,"href":"https:\/\/digimittelschule2badgoisern.at\/index.php?rest_route=\/wp\/v2\/pages\/4145\/revisions"}],"predecessor-version":[{"id":4152,"href":"https:\/\/digimittelschule2badgoisern.at\/index.php?rest_route=\/wp\/v2\/pages\/4145\/revisions\/4152"}],"wp:featuredmedia":[{"embeddable":true,"href":"https:\/\/digimittelschule2badgoisern.at\/index.php?rest_route=\/wp\/v2\/media\/3820"}],"wp:attachment":[{"href":"https:\/\/digimittelschule2badgoisern.at\/index.php?rest_route=%2Fwp%2Fv2%2Fmedia&parent=4145"}],"curies":[{"name":"wp","href":"https:\/\/api.w.org\/{rel}","templated":true}]}}