{"id":43,"date":"2020-08-25T16:49:43","date_gmt":"2020-08-25T16:49:43","guid":{"rendered":"https:\/\/digimittelschule2badgoisern.at\/?page_id=43"},"modified":"2021-01-21T11:01:36","modified_gmt":"2021-01-21T11:01:36","slug":"eigenverantwortliches-arbeiten","status":"publish","type":"page","link":"https:\/\/digimittelschule2badgoisern.at\/?page_id=43","title":{"rendered":"Eigenverantwortliches Arbeiten"},"content":{"rendered":"\t\t<div data-elementor-type=\"wp-page\" data-elementor-id=\"43\" class=\"elementor elementor-43\" data-elementor-post-type=\"page\">\n\t\t\t\t\t\t<section class=\"elementor-section elementor-top-section elementor-element elementor-element-8715eeb elementor-section-boxed elementor-section-height-default elementor-section-height-default\" data-id=\"8715eeb\" data-element_type=\"section\">\n\t\t\t\t\t\t<div class=\"elementor-container elementor-column-gap-default\">\n\t\t\t\t\t<div class=\"elementor-column elementor-col-100 elementor-top-column elementor-element elementor-element-17ffdb1\" data-id=\"17ffdb1\" data-element_type=\"column\">\n\t\t\t<div class=\"elementor-widget-wrap elementor-element-populated\">\n\t\t\t\t\t\t<div class=\"elementor-element elementor-element-36b1c54 elementor-widget elementor-widget-text-editor\" data-id=\"36b1c54\" data-element_type=\"widget\" data-widget_type=\"text-editor.default\">\n\t\t\t\t<div class=\"elementor-widget-container\">\n\t\t\t\t\t\t\t<p><span style=\"color: #000000;\"><strong>Eigenverantwortliches Arbeiten\/Methodentraining<\/strong><\/span><\/p><p><span style=\"color: #000000;\">Unsere Sch\u00fclerinnen und Sch\u00fcler sollen zu eigenverantwortlichem Arbeiten geschult werden.<\/span><\/p><p><strong><span style=\"color: #000000;\">Dies erfolgt auf zwei Ebenen:<\/span><\/strong><\/p><ul><li><span style=\"color: #000000;\"> durch einen Trainingstag zu Schulbeginn und verschiedenen Schwerpunkttagen, bei denen die Sch\u00fclerinnen und Sch\u00fcler mit den wichtigsten Methoden vertraut gemacht werden,<\/span><\/li><li><span style=\"color: #000000;\">durch Methodenpflege im allt\u00e4glichen Fachunterricht, wobei die Methoden und Techniken \u2013 dem Unterrichtsstoff angepasst \u2013 ge\u00fcbt, ausgebaut und weiter entwickelt werden, damit auf Seiten der Sch\u00fclerinnen und Sch\u00fcler wachsende Routine in deren Handhabung entstehen kann.<\/span><\/li><\/ul><p><strong><span style=\"color: #000000;\">Auswirkungen auf die Sch\u00fclerinnen und Sch\u00fcler<\/span><\/strong><\/p><ul><li><span style=\"color: #000000;\"> Sch\u00fclerinnen und Sch\u00fcler gewinnen Routine in der Anwendung neuer Methoden und Lernarrangements im Unterricht. Dabei entwickeln sie zunehmende Selbstst\u00e4ndigkeit.<\/span><\/li><li><span style=\"color: #000000;\">Sie erweitern ihr Spektrum an Arbeitstechniken.<\/span><\/li><li><span style=\"color: #000000;\">Sie erlangen ein neues Selbstbewusstsein und ein h\u00f6heres Ma\u00df an Sicherheit bei Pr\u00e4sentationen und Vorstellungen.<\/span><\/li><li><span style=\"color: #000000;\">Sie sind zunehmend in der Lage, effektiv mit anderen zusammenzuarbeiten, die F\u00e4higkeit zur Teamarbeit jenseits freundschaftlicher Beziehungen entwickelt sich. Dies hat Auswirkungen auf die Klassengemeinschaft.<\/span><\/li><li><span style=\"color: #000000;\">Sie lernen zu reflektieren, Verbindungen zwischen den einzelnen Lerninhalten herzustellen und diese anzuwenden.<\/span><\/li><\/ul>\t\t\t\t\t\t<\/div>\n\t\t\t\t<\/div>\n\t\t\t\t\t<\/div>\n\t\t<\/div>\n\t\t\t\t\t<\/div>\n\t\t<\/section>\n\t\t\t\t<\/div>\n\t\t","protected":false},"excerpt":{"rendered":"<p>Eigenverantwortliches Arbeiten\/Methodentraining Unsere Sch\u00fclerinnen und Sch\u00fcler sollen zu eigenverantwortlichem Arbeiten geschult werden. Dies erfolgt auf zwei Ebenen: durch einen Trainingstag zu Schulbeginn und verschiedenen Schwerpunkttagen, bei denen die Sch\u00fclerinnen und Sch\u00fcler mit den wichtigsten Methoden vertraut gemacht werden, durch Methodenpflege im allt\u00e4glichen Fachunterricht, wobei die Methoden und Techniken \u2013 dem Unterrichtsstoff angepasst \u2013 ge\u00fcbt, ausgebaut [&hellip;]<\/p>\n","protected":false},"author":1,"featured_media":0,"parent":0,"menu_order":0,"comment_status":"closed","ping_status":"closed","template":"","meta":{"ocean_post_layout":"","ocean_both_sidebars_style":"","ocean_both_sidebars_content_width":0,"ocean_both_sidebars_sidebars_width":0,"ocean_sidebar":"0","ocean_second_sidebar":"0","ocean_disable_margins":"enable","ocean_add_body_class":"","ocean_shortcode_before_top_bar":"","ocean_shortcode_after_top_bar":"","ocean_shortcode_before_header":"","ocean_shortcode_after_header":"","ocean_has_shortcode":"","ocean_shortcode_after_title":"","ocean_shortcode_before_footer_widgets":"","ocean_shortcode_after_footer_widgets":"","ocean_shortcode_before_footer_bottom":"","ocean_shortcode_after_footer_bottom":"","ocean_display_top_bar":"default","ocean_display_header":"default","ocean_header_style":"","ocean_center_header_left_menu":"0","ocean_custom_header_template":"0","ocean_custom_logo":0,"ocean_custom_retina_logo":0,"ocean_custom_logo_max_width":0,"ocean_custom_logo_tablet_max_width":0,"ocean_custom_logo_mobile_max_width":0,"ocean_custom_logo_max_height":0,"ocean_custom_logo_tablet_max_height":0,"ocean_custom_logo_mobile_max_height":0,"ocean_header_custom_menu":"0","ocean_menu_typo_font_family":"0","ocean_menu_typo_font_subset":"","ocean_menu_typo_font_size":0,"ocean_menu_typo_font_size_tablet":0,"ocean_menu_typo_font_size_mobile":0,"ocean_menu_typo_font_size_unit":"px","ocean_menu_typo_font_weight":"","ocean_menu_typo_font_weight_tablet":"","ocean_menu_typo_font_weight_mobile":"","ocean_menu_typo_transform":"","ocean_menu_typo_transform_tablet":"","ocean_menu_typo_transform_mobile":"","ocean_menu_typo_line_height":0,"ocean_menu_typo_line_height_tablet":0,"ocean_menu_typo_line_height_mobile":0,"ocean_menu_typo_line_height_unit":"","ocean_menu_typo_spacing":0,"ocean_menu_typo_spacing_tablet":0,"ocean_menu_typo_spacing_mobile":0,"ocean_menu_typo_spacing_unit":"","ocean_menu_link_color":"","ocean_menu_link_color_hover":"","ocean_menu_link_color_active":"","ocean_menu_link_background":"","ocean_menu_link_hover_background":"","ocean_menu_link_active_background":"","ocean_menu_social_links_bg":"","ocean_menu_social_hover_links_bg":"","ocean_menu_social_links_color":"","ocean_menu_social_hover_links_color":"","ocean_disable_title":"default","ocean_disable_heading":"default","ocean_post_title":"","ocean_post_subheading":"","ocean_post_title_style":"","ocean_post_title_background_color":"","ocean_post_title_background":0,"ocean_post_title_bg_image_position":"","ocean_post_title_bg_image_attachment":"","ocean_post_title_bg_image_repeat":"","ocean_post_title_bg_image_size":"","ocean_post_title_height":0,"ocean_post_title_bg_overlay":0.5,"ocean_post_title_bg_overlay_color":"","ocean_disable_breadcrumbs":"default","ocean_breadcrumbs_color":"","ocean_breadcrumbs_separator_color":"","ocean_breadcrumbs_links_color":"","ocean_breadcrumbs_links_hover_color":"","ocean_display_footer_widgets":"default","ocean_display_footer_bottom":"default","ocean_custom_footer_template":"0","footnotes":""},"class_list":["post-43","page","type-page","status-publish","hentry","entry"],"_links":{"self":[{"href":"https:\/\/digimittelschule2badgoisern.at\/index.php?rest_route=\/wp\/v2\/pages\/43","targetHints":{"allow":["GET"]}}],"collection":[{"href":"https:\/\/digimittelschule2badgoisern.at\/index.php?rest_route=\/wp\/v2\/pages"}],"about":[{"href":"https:\/\/digimittelschule2badgoisern.at\/index.php?rest_route=\/wp\/v2\/types\/page"}],"author":[{"embeddable":true,"href":"https:\/\/digimittelschule2badgoisern.at\/index.php?rest_route=\/wp\/v2\/users\/1"}],"replies":[{"embeddable":true,"href":"https:\/\/digimittelschule2badgoisern.at\/index.php?rest_route=%2Fwp%2Fv2%2Fcomments&post=43"}],"version-history":[{"count":15,"href":"https:\/\/digimittelschule2badgoisern.at\/index.php?rest_route=\/wp\/v2\/pages\/43\/revisions"}],"predecessor-version":[{"id":2021,"href":"https:\/\/digimittelschule2badgoisern.at\/index.php?rest_route=\/wp\/v2\/pages\/43\/revisions\/2021"}],"wp:attachment":[{"href":"https:\/\/digimittelschule2badgoisern.at\/index.php?rest_route=%2Fwp%2Fv2%2Fmedia&parent=43"}],"curies":[{"name":"wp","href":"https:\/\/api.w.org\/{rel}","templated":true}]}}