{"id":4429,"date":"2022-07-07T06:41:49","date_gmt":"2022-07-07T06:41:49","guid":{"rendered":"https:\/\/digimittelschule2badgoisern.at\/?page_id=4429"},"modified":"2022-07-07T06:44:00","modified_gmt":"2022-07-07T06:44:00","slug":"der-schatz-der-herzlichkeit","status":"publish","type":"page","link":"https:\/\/digimittelschule2badgoisern.at\/?page_id=4429","title":{"rendered":"Der Schatz der Herzlichkeit"},"content":{"rendered":"\t\t<div data-elementor-type=\"wp-page\" data-elementor-id=\"4429\" class=\"elementor elementor-4429\" data-elementor-post-type=\"page\">\n\t\t\t\t\t\t<section class=\"elementor-section elementor-top-section elementor-element elementor-element-5424695 elementor-section-boxed elementor-section-height-default elementor-section-height-default\" data-id=\"5424695\" data-element_type=\"section\">\n\t\t\t\t\t\t<div class=\"elementor-container elementor-column-gap-default\">\n\t\t\t\t\t<div class=\"elementor-column elementor-col-100 elementor-top-column elementor-element elementor-element-963b86b\" data-id=\"963b86b\" data-element_type=\"column\">\n\t\t\t<div class=\"elementor-widget-wrap elementor-element-populated\">\n\t\t\t\t\t\t<div class=\"elementor-element elementor-element-6b056f5 elementor-widget elementor-widget-text-editor\" data-id=\"6b056f5\" data-element_type=\"widget\" data-widget_type=\"text-editor.default\">\n\t\t\t\t<div class=\"elementor-widget-container\">\n\t\t\t\t\t\t\t<p>Sch\u00fclerinnen und Sch\u00fcler der digiMS 2 Bad Goisern \u00fcbten sich als junge Schriftstellerinnen und<br \/>Schriftsteller und entwickelten eine Geschichte, die Mittelpunkt des neu gestalteten Goiserer<br \/>Sagenwaldes bei der Ewigen Wand ist.<br \/>Alles begann vor eineinhalb Jahren: Die Kinder der damaligen 2a Klasse der digiMS 2 Bad Goisern<br \/>bekamen die M\u00f6glichkeit, sich an der Revitalisierung des Sagenweges zu beteiligen. Bei einer<br \/>Besichtigung vor Ort verschafften sich die Sch\u00fclerinnen und Sch\u00fcler zun\u00e4chst einen \u00dcberblick \u00fcber<br \/>den Ausgangszustand und arbeiteten gemeinsam mit der Projektleiterin Katrin Berkenhoff an<br \/>m\u00f6glichen Ver\u00e4nderungsideen. Schnell war klar, eine neue Geschichte sollte die Grundlage f\u00fcr die<br \/>k\u00fcnstlerische Umgestaltung des Erlebnisweges bilden. Im Rahmen des Deutschunterrichts wurden<br \/>die Sch\u00fclerinnen und Sch\u00fcler schriftstellerisch t\u00e4tig und es entstand der Text \u201eDer Schatz der<br \/>Herzlichkeit\u201c. Dieser erz\u00e4hlt vom Abhandenkommen der Freundlichkeit der Goiserinnen und Goiserer<br \/>und wie diese schlussendlich wiedergefunden wird.<br \/>Begibt man sich auf Entdeckungsreise im neu er\u00f6ffneten Goiserer Sagenwald, so begegnet man<br \/>einem Wassergeist sowie einem diebischen Vogel und findet wom\u00f6glich auch den Schatz der<br \/>Herzlichkeit. Die Geschichte der Sch\u00fclerinnen und Sch\u00fcler ist illustriert auch als B\u00fcchlein im<br \/>Tourismusb\u00fcro in Bad Goisern erh\u00e4ltlich.<\/p>\t\t\t\t\t\t<\/div>\n\t\t\t\t<\/div>\n\t\t\t\t\t<\/div>\n\t\t<\/div>\n\t\t\t\t\t<\/div>\n\t\t<\/section>\n\t\t\t\t<section class=\"elementor-section elementor-top-section elementor-element elementor-element-5840e7f elementor-section-boxed elementor-section-height-default elementor-section-height-default\" data-id=\"5840e7f\" data-element_type=\"section\">\n\t\t\t\t\t\t<div class=\"elementor-container elementor-column-gap-default\">\n\t\t\t\t\t<div class=\"elementor-column elementor-col-100 elementor-top-column elementor-element elementor-element-16213b0\" data-id=\"16213b0\" data-element_type=\"column\">\n\t\t\t<div class=\"elementor-widget-wrap elementor-element-populated\">\n\t\t\t\t\t\t<div class=\"elementor-element elementor-element-83f3af9 elementor-widget elementor-widget-gallery\" data-id=\"83f3af9\" data-element_type=\"widget\" data-settings=\"{&quot;gap&quot;:{&quot;unit&quot;:&quot;px&quot;,&quot;size&quot;:20,&quot;sizes&quot;:[]},&quot;lazyload&quot;:&quot;yes&quot;,&quot;gallery_layout&quot;:&quot;grid&quot;,&quot;columns&quot;:4,&quot;columns_tablet&quot;:2,&quot;columns_mobile&quot;:1,&quot;gap_tablet&quot;:{&quot;unit&quot;:&quot;px&quot;,&quot;size&quot;:10,&quot;sizes&quot;:[]},&quot;gap_mobile&quot;:{&quot;unit&quot;:&quot;px&quot;,&quot;size&quot;:10,&quot;sizes&quot;:[]},&quot;link_to&quot;:&quot;file&quot;,&quot;aspect_ratio&quot;:&quot;3:2&quot;,&quot;overlay_background&quot;:&quot;yes&quot;,&quot;content_hover_animation&quot;:&quot;fade-in&quot;}\" data-widget_type=\"gallery.default\">\n\t\t\t\t<div class=\"elementor-widget-container\">\n\t\t\t\t\t<div class=\"elementor-gallery__container\">\n\t\t\t\t\t<\/div>\n\t\t\t<\/div>\n\t\t\t\t<\/div>\n\t\t\t\t\t<\/div>\n\t\t<\/div>\n\t\t\t\t\t<\/div>\n\t\t<\/section>\n\t\t\t\t<\/div>\n\t\t","protected":false},"excerpt":{"rendered":"<p>Sch\u00fclerinnen und Sch\u00fcler der digiMS 2 Bad Goisern \u00fcbten sich als junge Schriftstellerinnen und Schriftsteller und entwickelten eine Geschichte, die Mittelpunkt des neu gestalteten Goiserer Sagenwaldes bei der Ewigen Wand ist. Alles begann vor eineinhalb Jahren: Die Kinder der damaligen 2a Klasse der digiMS 2 Bad Goisern bekamen die M\u00f6glichkeit, sich an der Revitalisierung des [&hellip;]<\/p>\n","protected":false},"author":1,"featured_media":0,"parent":0,"menu_order":0,"comment_status":"closed","ping_status":"closed","template":"","meta":{"ocean_post_layout":"","ocean_both_sidebars_style":"","ocean_both_sidebars_content_width":0,"ocean_both_sidebars_sidebars_width":0,"ocean_sidebar":"0","ocean_second_sidebar":"0","ocean_disable_margins":"enable","ocean_add_body_class":"","ocean_shortcode_before_top_bar":"","ocean_shortcode_after_top_bar":"","ocean_shortcode_before_header":"","ocean_shortcode_after_header":"","ocean_has_shortcode":"","ocean_shortcode_after_title":"","ocean_shortcode_before_footer_widgets":"","ocean_shortcode_after_footer_widgets":"","ocean_shortcode_before_footer_bottom":"","ocean_shortcode_after_footer_bottom":"","ocean_display_top_bar":"default","ocean_display_header":"default","ocean_header_style":"","ocean_center_header_left_menu":"0","ocean_custom_header_template":"0","ocean_custom_logo":0,"ocean_custom_retina_logo":0,"ocean_custom_logo_max_width":0,"ocean_custom_logo_tablet_max_width":0,"ocean_custom_logo_mobile_max_width":0,"ocean_custom_logo_max_height":0,"ocean_custom_logo_tablet_max_height":0,"ocean_custom_logo_mobile_max_height":0,"ocean_header_custom_menu":"0","ocean_menu_typo_font_family":"0","ocean_menu_typo_font_subset":"","ocean_menu_typo_font_size":0,"ocean_menu_typo_font_size_tablet":0,"ocean_menu_typo_font_size_mobile":0,"ocean_menu_typo_font_size_unit":"px","ocean_menu_typo_font_weight":"","ocean_menu_typo_font_weight_tablet":"","ocean_menu_typo_font_weight_mobile":"","ocean_menu_typo_transform":"","ocean_menu_typo_transform_tablet":"","ocean_menu_typo_transform_mobile":"","ocean_menu_typo_line_height":0,"ocean_menu_typo_line_height_tablet":0,"ocean_menu_typo_line_height_mobile":0,"ocean_menu_typo_line_height_unit":"","ocean_menu_typo_spacing":0,"ocean_menu_typo_spacing_tablet":0,"ocean_menu_typo_spacing_mobile":0,"ocean_menu_typo_spacing_unit":"","ocean_menu_link_color":"","ocean_menu_link_color_hover":"","ocean_menu_link_color_active":"","ocean_menu_link_background":"","ocean_menu_link_hover_background":"","ocean_menu_link_active_background":"","ocean_menu_social_links_bg":"","ocean_menu_social_hover_links_bg":"","ocean_menu_social_links_color":"","ocean_menu_social_hover_links_color":"","ocean_disable_title":"default","ocean_disable_heading":"default","ocean_post_title":"","ocean_post_subheading":"","ocean_post_title_style":"","ocean_post_title_background_color":"","ocean_post_title_background":0,"ocean_post_title_bg_image_position":"","ocean_post_title_bg_image_attachment":"","ocean_post_title_bg_image_repeat":"","ocean_post_title_bg_image_size":"","ocean_post_title_height":0,"ocean_post_title_bg_overlay":0.5,"ocean_post_title_bg_overlay_color":"","ocean_disable_breadcrumbs":"default","ocean_breadcrumbs_color":"","ocean_breadcrumbs_separator_color":"","ocean_breadcrumbs_links_color":"","ocean_breadcrumbs_links_hover_color":"","ocean_display_footer_widgets":"default","ocean_display_footer_bottom":"default","ocean_custom_footer_template":"0","footnotes":""},"class_list":["post-4429","page","type-page","status-publish","hentry","entry"],"_links":{"self":[{"href":"https:\/\/digimittelschule2badgoisern.at\/index.php?rest_route=\/wp\/v2\/pages\/4429","targetHints":{"allow":["GET"]}}],"collection":[{"href":"https:\/\/digimittelschule2badgoisern.at\/index.php?rest_route=\/wp\/v2\/pages"}],"about":[{"href":"https:\/\/digimittelschule2badgoisern.at\/index.php?rest_route=\/wp\/v2\/types\/page"}],"author":[{"embeddable":true,"href":"https:\/\/digimittelschule2badgoisern.at\/index.php?rest_route=\/wp\/v2\/users\/1"}],"replies":[{"embeddable":true,"href":"https:\/\/digimittelschule2badgoisern.at\/index.php?rest_route=%2Fwp%2Fv2%2Fcomments&post=4429"}],"version-history":[{"count":8,"href":"https:\/\/digimittelschule2badgoisern.at\/index.php?rest_route=\/wp\/v2\/pages\/4429\/revisions"}],"predecessor-version":[{"id":4437,"href":"https:\/\/digimittelschule2badgoisern.at\/index.php?rest_route=\/wp\/v2\/pages\/4429\/revisions\/4437"}],"wp:attachment":[{"href":"https:\/\/digimittelschule2badgoisern.at\/index.php?rest_route=%2Fwp%2Fv2%2Fmedia&parent=4429"}],"curies":[{"name":"wp","href":"https:\/\/api.w.org\/{rel}","templated":true}]}}