{"id":5738,"date":"2023-10-20T09:24:35","date_gmt":"2023-10-20T09:24:35","guid":{"rendered":"https:\/\/digimittelschule2badgoisern.at\/?page_id=5738"},"modified":"2023-10-20T09:27:54","modified_gmt":"2023-10-20T09:27:54","slug":"funktionale-sitzbank-mit-besonderem-design-digims-2-belegt-2-platz-bei-tischler-trophy","status":"publish","type":"page","link":"https:\/\/digimittelschule2badgoisern.at\/?page_id=5738","title":{"rendered":"Funktionale Sitzbank mit besonderem Design \u2013 digiMS 2 belegt 2. Platz bei Tischler Trophy"},"content":{"rendered":"\t\t<div data-elementor-type=\"wp-page\" data-elementor-id=\"5738\" class=\"elementor elementor-5738\" data-elementor-post-type=\"page\">\n\t\t\t\t\t\t<section class=\"elementor-section elementor-top-section elementor-element elementor-element-7e07156 elementor-section-boxed elementor-section-height-default elementor-section-height-default\" data-id=\"7e07156\" data-element_type=\"section\">\n\t\t\t\t\t\t<div class=\"elementor-container elementor-column-gap-default\">\n\t\t\t\t\t<div class=\"elementor-column elementor-col-100 elementor-top-column elementor-element elementor-element-11c7730\" data-id=\"11c7730\" data-element_type=\"column\">\n\t\t\t<div class=\"elementor-widget-wrap elementor-element-populated\">\n\t\t\t\t\t\t<div class=\"elementor-element elementor-element-da8e776 elementor-widget elementor-widget-text-editor\" data-id=\"da8e776\" data-element_type=\"widget\" data-widget_type=\"text-editor.default\">\n\t\t\t\t<div class=\"elementor-widget-container\">\n\t\t\t\t\t\t\t<p>Den hervorragenden 2. Platz bei der diesj\u00e4hrigen Tischler Trophy, einem Kooperationsprojekt von Schulen und heimischen Tischlereibetrieben, belegten 10 Sch\u00fclerinnen und Sch\u00fcler der digiMS 2 Bad Goisern.\u00a0<\/p><p>Die Werkgruppe der 3. Klasse entwickelte zum heurigen Thema \u201cHome schooling place \u2013 mein Lieblingsplatz zum Lernen\u201d eine gem\u00fctliche Sitzbank, die sowohl zum Ausruhen als auch zum Arbeiten genutzt werden kann. So entstand die Idee eines versenkbaren Tisches, der in die Sitzbank integriert ist. Als besonderen Hingucker entwarfen die Jugendlichen die R\u00fcckenlehne als Abbild des Ramsaugebirges. Unter Anleitung von OL Christian Wiesinger wurde in der Tischlerei \u201cTrau di\u201d mit fachlicher Unterst\u00fctzung von Simon Petter und Valentin Stockinger das einzigartige M\u00f6belst\u00fcck konstruiert. Dabei erhielten die Sch\u00fclerinnen und Sch\u00fcler wertvolle Einblicke in das Arbeitsfeld eines Tischlers\/ einer Tischlerin.\u00a0<\/p><p>Bei der feierlichen Siegerehrung am 25. Mai 2023 im WIFI Linz \u00fcberreichte Landeshauptmann Mag. Thomas Stelzer den Pokal sowie die Siegerpr\u00e4mie von \u20ac 300,-. Die Jury \u00fcberzeugte vor allem die kreative Gestaltung sowie die Stabilit\u00e4t des Werkst\u00fccks.<\/p><p>Ein herzlicher Dank gilt Simon Petter und Valentin Stockinger f\u00fcr die freundliche und kompetente Unterst\u00fctzung!<\/p>\t\t\t\t\t\t<\/div>\n\t\t\t\t<\/div>\n\t\t\t\t\t<\/div>\n\t\t<\/div>\n\t\t\t\t\t<\/div>\n\t\t<\/section>\n\t\t\t\t<section class=\"elementor-section elementor-top-section elementor-element elementor-element-e999510 elementor-section-boxed elementor-section-height-default elementor-section-height-default\" data-id=\"e999510\" data-element_type=\"section\">\n\t\t\t\t\t\t<div class=\"elementor-container elementor-column-gap-default\">\n\t\t\t\t\t<div class=\"elementor-column elementor-col-100 elementor-top-column elementor-element elementor-element-4c555bf\" data-id=\"4c555bf\" data-element_type=\"column\">\n\t\t\t<div class=\"elementor-widget-wrap elementor-element-populated\">\n\t\t\t\t\t\t<div class=\"elementor-element elementor-element-cf1fa4d elementor-widget elementor-widget-gallery\" data-id=\"cf1fa4d\" data-element_type=\"widget\" data-settings=\"{&quot;gap&quot;:{&quot;unit&quot;:&quot;px&quot;,&quot;size&quot;:20,&quot;sizes&quot;:[]},&quot;lazyload&quot;:&quot;yes&quot;,&quot;gallery_layout&quot;:&quot;grid&quot;,&quot;columns&quot;:4,&quot;columns_tablet&quot;:2,&quot;columns_mobile&quot;:1,&quot;gap_tablet&quot;:{&quot;unit&quot;:&quot;px&quot;,&quot;size&quot;:10,&quot;sizes&quot;:[]},&quot;gap_mobile&quot;:{&quot;unit&quot;:&quot;px&quot;,&quot;size&quot;:10,&quot;sizes&quot;:[]},&quot;link_to&quot;:&quot;file&quot;,&quot;aspect_ratio&quot;:&quot;3:2&quot;,&quot;overlay_background&quot;:&quot;yes&quot;,&quot;content_hover_animation&quot;:&quot;fade-in&quot;}\" data-widget_type=\"gallery.default\">\n\t\t\t\t<div class=\"elementor-widget-container\">\n\t\t\t\t\t<div class=\"elementor-gallery__container\">\n\t\t\t\t\t<\/div>\n\t\t\t<\/div>\n\t\t\t\t<\/div>\n\t\t\t\t\t<\/div>\n\t\t<\/div>\n\t\t\t\t\t<\/div>\n\t\t<\/section>\n\t\t\t\t<\/div>\n\t\t","protected":false},"excerpt":{"rendered":"<p>Den hervorragenden 2. Platz bei der diesj\u00e4hrigen Tischler Trophy, einem Kooperationsprojekt von Schulen und heimischen Tischlereibetrieben, belegten 10 Sch\u00fclerinnen und Sch\u00fcler der digiMS 2 Bad Goisern.&nbsp; Die Werkgruppe der 3. Klasse entwickelte zum heurigen Thema \u201cHome schooling place \u2013 mein Lieblingsplatz zum Lernen\u201d eine gem\u00fctliche Sitzbank, die sowohl zum Ausruhen als auch zum Arbeiten genutzt [&hellip;]<\/p>\n","protected":false},"author":1,"featured_media":0,"parent":0,"menu_order":0,"comment_status":"closed","ping_status":"closed","template":"","meta":{"ocean_post_layout":"","ocean_both_sidebars_style":"","ocean_both_sidebars_content_width":0,"ocean_both_sidebars_sidebars_width":0,"ocean_sidebar":"0","ocean_second_sidebar":"0","ocean_disable_margins":"enable","ocean_add_body_class":"","ocean_shortcode_before_top_bar":"","ocean_shortcode_after_top_bar":"","ocean_shortcode_before_header":"","ocean_shortcode_after_header":"","ocean_has_shortcode":"","ocean_shortcode_after_title":"","ocean_shortcode_before_footer_widgets":"","ocean_shortcode_after_footer_widgets":"","ocean_shortcode_before_footer_bottom":"","ocean_shortcode_after_footer_bottom":"","ocean_display_top_bar":"default","ocean_display_header":"default","ocean_header_style":"","ocean_center_header_left_menu":"0","ocean_custom_header_template":"0","ocean_custom_logo":0,"ocean_custom_retina_logo":0,"ocean_custom_logo_max_width":0,"ocean_custom_logo_tablet_max_width":0,"ocean_custom_logo_mobile_max_width":0,"ocean_custom_logo_max_height":0,"ocean_custom_logo_tablet_max_height":0,"ocean_custom_logo_mobile_max_height":0,"ocean_header_custom_menu":"0","ocean_menu_typo_font_family":"0","ocean_menu_typo_font_subset":"","ocean_menu_typo_font_size":0,"ocean_menu_typo_font_size_tablet":0,"ocean_menu_typo_font_size_mobile":0,"ocean_menu_typo_font_size_unit":"px","ocean_menu_typo_font_weight":"","ocean_menu_typo_font_weight_tablet":"","ocean_menu_typo_font_weight_mobile":"","ocean_menu_typo_transform":"","ocean_menu_typo_transform_tablet":"","ocean_menu_typo_transform_mobile":"","ocean_menu_typo_line_height":0,"ocean_menu_typo_line_height_tablet":0,"ocean_menu_typo_line_height_mobile":0,"ocean_menu_typo_line_height_unit":"","ocean_menu_typo_spacing":0,"ocean_menu_typo_spacing_tablet":0,"ocean_menu_typo_spacing_mobile":0,"ocean_menu_typo_spacing_unit":"","ocean_menu_link_color":"","ocean_menu_link_color_hover":"","ocean_menu_link_color_active":"","ocean_menu_link_background":"","ocean_menu_link_hover_background":"","ocean_menu_link_active_background":"","ocean_menu_social_links_bg":"","ocean_menu_social_hover_links_bg":"","ocean_menu_social_links_color":"","ocean_menu_social_hover_links_color":"","ocean_disable_title":"default","ocean_disable_heading":"default","ocean_post_title":"","ocean_post_subheading":"","ocean_post_title_style":"","ocean_post_title_background_color":"","ocean_post_title_background":0,"ocean_post_title_bg_image_position":"","ocean_post_title_bg_image_attachment":"","ocean_post_title_bg_image_repeat":"","ocean_post_title_bg_image_size":"","ocean_post_title_height":0,"ocean_post_title_bg_overlay":0.5,"ocean_post_title_bg_overlay_color":"","ocean_disable_breadcrumbs":"default","ocean_breadcrumbs_color":"","ocean_breadcrumbs_separator_color":"","ocean_breadcrumbs_links_color":"","ocean_breadcrumbs_links_hover_color":"","ocean_display_footer_widgets":"default","ocean_display_footer_bottom":"default","ocean_custom_footer_template":"0","footnotes":""},"class_list":["post-5738","page","type-page","status-publish","hentry","entry"],"_links":{"self":[{"href":"https:\/\/digimittelschule2badgoisern.at\/index.php?rest_route=\/wp\/v2\/pages\/5738","targetHints":{"allow":["GET"]}}],"collection":[{"href":"https:\/\/digimittelschule2badgoisern.at\/index.php?rest_route=\/wp\/v2\/pages"}],"about":[{"href":"https:\/\/digimittelschule2badgoisern.at\/index.php?rest_route=\/wp\/v2\/types\/page"}],"author":[{"embeddable":true,"href":"https:\/\/digimittelschule2badgoisern.at\/index.php?rest_route=\/wp\/v2\/users\/1"}],"replies":[{"embeddable":true,"href":"https:\/\/digimittelschule2badgoisern.at\/index.php?rest_route=%2Fwp%2Fv2%2Fcomments&post=5738"}],"version-history":[{"count":8,"href":"https:\/\/digimittelschule2badgoisern.at\/index.php?rest_route=\/wp\/v2\/pages\/5738\/revisions"}],"predecessor-version":[{"id":5747,"href":"https:\/\/digimittelschule2badgoisern.at\/index.php?rest_route=\/wp\/v2\/pages\/5738\/revisions\/5747"}],"wp:attachment":[{"href":"https:\/\/digimittelschule2badgoisern.at\/index.php?rest_route=%2Fwp%2Fv2%2Fmedia&parent=5738"}],"curies":[{"name":"wp","href":"https:\/\/api.w.org\/{rel}","templated":true}]}}