{"id":6085,"date":"2024-08-27T09:41:09","date_gmt":"2024-08-27T09:41:09","guid":{"rendered":"https:\/\/digimittelschule2badgoisern.at\/?page_id=6085"},"modified":"2024-08-27T09:41:51","modified_gmt":"2024-08-27T09:41:51","slug":"schnitzen-von-singvoegeln-talentfoerderung-an-der-digims-2-bad-goisern","status":"publish","type":"page","link":"https:\/\/digimittelschule2badgoisern.at\/?page_id=6085","title":{"rendered":"Schnitzen von Singv\u00f6geln \u2013 Talentf\u00f6rderung an der digiMS 2 Bad Goisern"},"content":{"rendered":"\t\t<div data-elementor-type=\"wp-page\" data-elementor-id=\"6085\" class=\"elementor elementor-6085\" data-elementor-post-type=\"page\">\n\t\t\t\t\t\t<section class=\"elementor-section elementor-top-section elementor-element elementor-element-507c133 elementor-section-boxed elementor-section-height-default elementor-section-height-default\" data-id=\"507c133\" data-element_type=\"section\">\n\t\t\t\t\t\t<div class=\"elementor-container elementor-column-gap-default\">\n\t\t\t\t\t<div class=\"elementor-column elementor-col-100 elementor-top-column elementor-element elementor-element-5d6e3ee\" data-id=\"5d6e3ee\" data-element_type=\"column\">\n\t\t\t<div class=\"elementor-widget-wrap elementor-element-populated\">\n\t\t\t\t\t\t<div class=\"elementor-element elementor-element-0a66f20 elementor-widget elementor-widget-text-editor\" data-id=\"0a66f20\" data-element_type=\"widget\" data-widget_type=\"text-editor.default\">\n\t\t\t\t<div class=\"elementor-widget-container\">\n\t\t\t\t\t\t\t<p>Ein besonderer Talentf\u00f6rderkurs fand in den vergangenen Monaten an der digiMS 2 Bad Goisern<br \/>statt. 15 handwerklich geschickte und kreative Sch\u00fclerinnen und Sch\u00fcler der 3. und 4. Klassen<br \/>schnitzten Singv\u00f6gel aus Zirbenholz. Fachliche Anleitung erhielten sie dabei von Werklehrer Christian<br \/>Wiesinger sowie der Bildhaumeisterin Verena Haidl aus Altm\u00fcnster.<br \/>Zun\u00e4chst wurden die V\u00f6gel auf einem Blatt Papier entworfen und auf das Holz \u00fcbertragen. In<br \/>weiterer Folge ging es ans Schnitzen. Mit gro\u00dfer Ausdauer entstanden wundersch\u00f6ne Singv\u00f6gel, die<br \/>am Schluss noch bemalt wurden. Die Sch\u00fclerinnen und Sch\u00fcler waren richtig stolz auf die gelungenen<br \/>Ergebnisse.<\/p>\t\t\t\t\t\t<\/div>\n\t\t\t\t<\/div>\n\t\t\t\t\t<\/div>\n\t\t<\/div>\n\t\t\t\t\t<\/div>\n\t\t<\/section>\n\t\t\t\t<\/div>\n\t\t","protected":false},"excerpt":{"rendered":"<p>Ein besonderer Talentf\u00f6rderkurs fand in den vergangenen Monaten an der digiMS 2 Bad Goisernstatt. 15 handwerklich geschickte und kreative Sch\u00fclerinnen und Sch\u00fcler der 3. und 4. Klassenschnitzten Singv\u00f6gel aus Zirbenholz. Fachliche Anleitung erhielten sie dabei von Werklehrer ChristianWiesinger sowie der Bildhaumeisterin Verena Haidl aus Altm\u00fcnster.Zun\u00e4chst wurden die V\u00f6gel auf einem Blatt Papier entworfen und auf [&hellip;]<\/p>\n","protected":false},"author":1,"featured_media":0,"parent":0,"menu_order":0,"comment_status":"closed","ping_status":"closed","template":"","meta":{"ocean_post_layout":"","ocean_both_sidebars_style":"","ocean_both_sidebars_content_width":0,"ocean_both_sidebars_sidebars_width":0,"ocean_sidebar":"","ocean_second_sidebar":"","ocean_disable_margins":"enable","ocean_add_body_class":"","ocean_shortcode_before_top_bar":"","ocean_shortcode_after_top_bar":"","ocean_shortcode_before_header":"","ocean_shortcode_after_header":"","ocean_has_shortcode":"","ocean_shortcode_after_title":"","ocean_shortcode_before_footer_widgets":"","ocean_shortcode_after_footer_widgets":"","ocean_shortcode_before_footer_bottom":"","ocean_shortcode_after_footer_bottom":"","ocean_display_top_bar":"default","ocean_display_header":"default","ocean_header_style":"","ocean_center_header_left_menu":"","ocean_custom_header_template":"","ocean_custom_logo":0,"ocean_custom_retina_logo":0,"ocean_custom_logo_max_width":0,"ocean_custom_logo_tablet_max_width":0,"ocean_custom_logo_mobile_max_width":0,"ocean_custom_logo_max_height":0,"ocean_custom_logo_tablet_max_height":0,"ocean_custom_logo_mobile_max_height":0,"ocean_header_custom_menu":"","ocean_menu_typo_font_family":"","ocean_menu_typo_font_subset":"","ocean_menu_typo_font_size":0,"ocean_menu_typo_font_size_tablet":0,"ocean_menu_typo_font_size_mobile":0,"ocean_menu_typo_font_size_unit":"px","ocean_menu_typo_font_weight":"","ocean_menu_typo_font_weight_tablet":"","ocean_menu_typo_font_weight_mobile":"","ocean_menu_typo_transform":"","ocean_menu_typo_transform_tablet":"","ocean_menu_typo_transform_mobile":"","ocean_menu_typo_line_height":0,"ocean_menu_typo_line_height_tablet":0,"ocean_menu_typo_line_height_mobile":0,"ocean_menu_typo_line_height_unit":"","ocean_menu_typo_spacing":0,"ocean_menu_typo_spacing_tablet":0,"ocean_menu_typo_spacing_mobile":0,"ocean_menu_typo_spacing_unit":"","ocean_menu_link_color":"","ocean_menu_link_color_hover":"","ocean_menu_link_color_active":"","ocean_menu_link_background":"","ocean_menu_link_hover_background":"","ocean_menu_link_active_background":"","ocean_menu_social_links_bg":"","ocean_menu_social_hover_links_bg":"","ocean_menu_social_links_color":"","ocean_menu_social_hover_links_color":"","ocean_disable_title":"default","ocean_disable_heading":"default","ocean_post_title":"","ocean_post_subheading":"","ocean_post_title_style":"","ocean_post_title_background_color":"","ocean_post_title_background":0,"ocean_post_title_bg_image_position":"","ocean_post_title_bg_image_attachment":"","ocean_post_title_bg_image_repeat":"","ocean_post_title_bg_image_size":"","ocean_post_title_height":0,"ocean_post_title_bg_overlay":0.5,"ocean_post_title_bg_overlay_color":"","ocean_disable_breadcrumbs":"default","ocean_breadcrumbs_color":"","ocean_breadcrumbs_separator_color":"","ocean_breadcrumbs_links_color":"","ocean_breadcrumbs_links_hover_color":"","ocean_display_footer_widgets":"default","ocean_display_footer_bottom":"default","ocean_custom_footer_template":"","footnotes":""},"class_list":["post-6085","page","type-page","status-publish","hentry","entry"],"_links":{"self":[{"href":"https:\/\/digimittelschule2badgoisern.at\/index.php?rest_route=\/wp\/v2\/pages\/6085","targetHints":{"allow":["GET"]}}],"collection":[{"href":"https:\/\/digimittelschule2badgoisern.at\/index.php?rest_route=\/wp\/v2\/pages"}],"about":[{"href":"https:\/\/digimittelschule2badgoisern.at\/index.php?rest_route=\/wp\/v2\/types\/page"}],"author":[{"embeddable":true,"href":"https:\/\/digimittelschule2badgoisern.at\/index.php?rest_route=\/wp\/v2\/users\/1"}],"replies":[{"embeddable":true,"href":"https:\/\/digimittelschule2badgoisern.at\/index.php?rest_route=%2Fwp%2Fv2%2Fcomments&post=6085"}],"version-history":[{"count":4,"href":"https:\/\/digimittelschule2badgoisern.at\/index.php?rest_route=\/wp\/v2\/pages\/6085\/revisions"}],"predecessor-version":[{"id":6089,"href":"https:\/\/digimittelschule2badgoisern.at\/index.php?rest_route=\/wp\/v2\/pages\/6085\/revisions\/6089"}],"wp:attachment":[{"href":"https:\/\/digimittelschule2badgoisern.at\/index.php?rest_route=%2Fwp%2Fv2%2Fmedia&parent=6085"}],"curies":[{"name":"wp","href":"https:\/\/api.w.org\/{rel}","templated":true}]}}