{"id":6499,"date":"2025-04-06T17:11:36","date_gmt":"2025-04-06T17:11:36","guid":{"rendered":"https:\/\/digimittelschule2badgoisern.at\/?page_id=6499"},"modified":"2025-04-06T17:12:58","modified_gmt":"2025-04-06T17:12:58","slug":"himmlische-bescherung-ein-buehnenstueck-der-digims-2-bad-goisern","status":"publish","type":"page","link":"https:\/\/digimittelschule2badgoisern.at\/?page_id=6499","title":{"rendered":"Himmlische Bescherung \u2013 ein B\u00fchnenst\u00fcck der digiMS 2 Bad Goisern"},"content":{"rendered":"\t\t<div data-elementor-type=\"wp-page\" data-elementor-id=\"6499\" class=\"elementor elementor-6499\" data-elementor-post-type=\"page\">\n\t\t\t\t\t\t<section class=\"elementor-section elementor-top-section elementor-element elementor-element-779057b elementor-section-boxed elementor-section-height-default elementor-section-height-default\" data-id=\"779057b\" data-element_type=\"section\">\n\t\t\t\t\t\t<div class=\"elementor-container elementor-column-gap-default\">\n\t\t\t\t\t<div class=\"elementor-column elementor-col-100 elementor-top-column elementor-element elementor-element-63ba1ab\" data-id=\"63ba1ab\" data-element_type=\"column\">\n\t\t\t<div class=\"elementor-widget-wrap elementor-element-populated\">\n\t\t\t\t\t\t<div class=\"elementor-element elementor-element-a117d58 elementor-widget elementor-widget-text-editor\" data-id=\"a117d58\" data-element_type=\"widget\" data-widget_type=\"text-editor.default\">\n\t\t\t\t<div class=\"elementor-widget-container\">\n\t\t\t\t\t\t\t<p id=\"E52\" class=\"x-scope qowt-word-para-0\"><span id=\"E53\">Ein weihnachtliches\u00a0<\/span><span id=\"E54\">Theaterst\u00fcck pr\u00e4sentierte<\/span><span id=\"E55\">\u00a0die\u00a0<\/span><span id=\"E56\">Schauspiel<\/span><span id=\"E57\">gruppe der\u00a0<\/span><span id=\"E59\">digi<\/span><span id=\"E60\">MS<\/span><span id=\"E62\">\u00a02 Bad Goisern\u00a0<\/span><span id=\"E63\">f\u00fcr Eltern, Sch\u00fclerinnen und Sch\u00fcler sowie die VS Bad Goisern.<\/span><\/p><p id=\"E64\" class=\"x-scope qowt-word-para-0\"><span id=\"E65\">Weihnachten scheint in Gefahr: Immer mehr Kinder schicken ihre Weihnachtsw\u00fcnsche per E-Mail, der Weihnachtsmann aber hat so seine Probleme mit der neuen Technik. Wird es schon bald keine Geschenke mehr geben? Gut, dass sich das Christkind der Sache annimmt und mit Unterst\u00fctzung der Goiserer Kinder dem Weihnachtsmann\u00a0<\/span><span id=\"E66\">die digitale Welt n\u00e4herbringt.<\/span><\/p><p id=\"E67\" class=\"x-scope qowt-word-para-0\"><span id=\"E68\">Ein herzliches Dankesch\u00f6n geb\u00fchrt der Theaterp\u00e4dagogin Stefanie Rack, die mit ihren Schauspielerinnen und Schauspielern dieses unterhaltsame Theaterst\u00fcck einstudiert und ein gro\u00dfartiges B\u00fchnenbild entworfen hat. Das Publikum w\u00fcrdigte die herausragenden schauspielerischen Leistungen der Sch\u00fclerinnen und Sch\u00fcler mit einem tosenden Applaus.<\/span><\/p>\t\t\t\t\t\t<\/div>\n\t\t\t\t<\/div>\n\t\t\t\t\t<\/div>\n\t\t<\/div>\n\t\t\t\t\t<\/div>\n\t\t<\/section>\n\t\t\t\t<\/div>\n\t\t","protected":false},"excerpt":{"rendered":"<p>Ein weihnachtliches\u00a0Theaterst\u00fcck pr\u00e4sentierte\u00a0die\u00a0Schauspielgruppe der\u00a0digiMS\u00a02 Bad Goisern\u00a0f\u00fcr Eltern, Sch\u00fclerinnen und Sch\u00fcler sowie die VS Bad Goisern. Weihnachten scheint in Gefahr: Immer mehr Kinder schicken ihre Weihnachtsw\u00fcnsche per E-Mail, der Weihnachtsmann aber hat so seine Probleme mit der neuen Technik. Wird es schon bald keine Geschenke mehr geben? Gut, dass sich das Christkind der Sache annimmt und [&hellip;]<\/p>\n","protected":false},"author":1,"featured_media":0,"parent":0,"menu_order":0,"comment_status":"closed","ping_status":"closed","template":"","meta":{"ocean_post_layout":"","ocean_both_sidebars_style":"","ocean_both_sidebars_content_width":0,"ocean_both_sidebars_sidebars_width":0,"ocean_sidebar":"","ocean_second_sidebar":"","ocean_disable_margins":"enable","ocean_add_body_class":"","ocean_shortcode_before_top_bar":"","ocean_shortcode_after_top_bar":"","ocean_shortcode_before_header":"","ocean_shortcode_after_header":"","ocean_has_shortcode":"","ocean_shortcode_after_title":"","ocean_shortcode_before_footer_widgets":"","ocean_shortcode_after_footer_widgets":"","ocean_shortcode_before_footer_bottom":"","ocean_shortcode_after_footer_bottom":"","ocean_display_top_bar":"default","ocean_display_header":"default","ocean_header_style":"","ocean_center_header_left_menu":"","ocean_custom_header_template":"","ocean_custom_logo":0,"ocean_custom_retina_logo":0,"ocean_custom_logo_max_width":0,"ocean_custom_logo_tablet_max_width":0,"ocean_custom_logo_mobile_max_width":0,"ocean_custom_logo_max_height":0,"ocean_custom_logo_tablet_max_height":0,"ocean_custom_logo_mobile_max_height":0,"ocean_header_custom_menu":"","ocean_menu_typo_font_family":"","ocean_menu_typo_font_subset":"","ocean_menu_typo_font_size":0,"ocean_menu_typo_font_size_tablet":0,"ocean_menu_typo_font_size_mobile":0,"ocean_menu_typo_font_size_unit":"px","ocean_menu_typo_font_weight":"","ocean_menu_typo_font_weight_tablet":"","ocean_menu_typo_font_weight_mobile":"","ocean_menu_typo_transform":"","ocean_menu_typo_transform_tablet":"","ocean_menu_typo_transform_mobile":"","ocean_menu_typo_line_height":0,"ocean_menu_typo_line_height_tablet":0,"ocean_menu_typo_line_height_mobile":0,"ocean_menu_typo_line_height_unit":"","ocean_menu_typo_spacing":0,"ocean_menu_typo_spacing_tablet":0,"ocean_menu_typo_spacing_mobile":0,"ocean_menu_typo_spacing_unit":"","ocean_menu_link_color":"","ocean_menu_link_color_hover":"","ocean_menu_link_color_active":"","ocean_menu_link_background":"","ocean_menu_link_hover_background":"","ocean_menu_link_active_background":"","ocean_menu_social_links_bg":"","ocean_menu_social_hover_links_bg":"","ocean_menu_social_links_color":"","ocean_menu_social_hover_links_color":"","ocean_disable_title":"default","ocean_disable_heading":"default","ocean_post_title":"","ocean_post_subheading":"","ocean_post_title_style":"","ocean_post_title_background_color":"","ocean_post_title_background":0,"ocean_post_title_bg_image_position":"","ocean_post_title_bg_image_attachment":"","ocean_post_title_bg_image_repeat":"","ocean_post_title_bg_image_size":"","ocean_post_title_height":0,"ocean_post_title_bg_overlay":0.5,"ocean_post_title_bg_overlay_color":"","ocean_disable_breadcrumbs":"default","ocean_breadcrumbs_color":"","ocean_breadcrumbs_separator_color":"","ocean_breadcrumbs_links_color":"","ocean_breadcrumbs_links_hover_color":"","ocean_display_footer_widgets":"default","ocean_display_footer_bottom":"default","ocean_custom_footer_template":"","footnotes":""},"class_list":["post-6499","page","type-page","status-publish","hentry","entry"],"_links":{"self":[{"href":"https:\/\/digimittelschule2badgoisern.at\/index.php?rest_route=\/wp\/v2\/pages\/6499","targetHints":{"allow":["GET"]}}],"collection":[{"href":"https:\/\/digimittelschule2badgoisern.at\/index.php?rest_route=\/wp\/v2\/pages"}],"about":[{"href":"https:\/\/digimittelschule2badgoisern.at\/index.php?rest_route=\/wp\/v2\/types\/page"}],"author":[{"embeddable":true,"href":"https:\/\/digimittelschule2badgoisern.at\/index.php?rest_route=\/wp\/v2\/users\/1"}],"replies":[{"embeddable":true,"href":"https:\/\/digimittelschule2badgoisern.at\/index.php?rest_route=%2Fwp%2Fv2%2Fcomments&post=6499"}],"version-history":[{"count":4,"href":"https:\/\/digimittelschule2badgoisern.at\/index.php?rest_route=\/wp\/v2\/pages\/6499\/revisions"}],"predecessor-version":[{"id":6503,"href":"https:\/\/digimittelschule2badgoisern.at\/index.php?rest_route=\/wp\/v2\/pages\/6499\/revisions\/6503"}],"wp:attachment":[{"href":"https:\/\/digimittelschule2badgoisern.at\/index.php?rest_route=%2Fwp%2Fv2%2Fmedia&parent=6499"}],"curies":[{"name":"wp","href":"https:\/\/api.w.org\/{rel}","templated":true}]}}