{"id":6766,"date":"2025-07-03T12:05:43","date_gmt":"2025-07-03T12:05:43","guid":{"rendered":"https:\/\/digimittelschule2badgoisern.at\/?page_id=6766"},"modified":"2025-07-03T12:06:11","modified_gmt":"2025-07-03T12:06:11","slug":"mountainbiken-an-der-digims-2-bad-goisern","status":"publish","type":"page","link":"https:\/\/digimittelschule2badgoisern.at\/?page_id=6766","title":{"rendered":"Mountainbiken an der digiMS 2 Bad Goisern"},"content":{"rendered":"\t\t<div data-elementor-type=\"wp-page\" data-elementor-id=\"6766\" class=\"elementor elementor-6766\" data-elementor-post-type=\"page\">\n\t\t\t\t\t\t<section class=\"elementor-section elementor-top-section elementor-element elementor-element-ea29561 elementor-section-boxed elementor-section-height-default elementor-section-height-default\" data-id=\"ea29561\" data-element_type=\"section\">\n\t\t\t\t\t\t<div class=\"elementor-container elementor-column-gap-default\">\n\t\t\t\t\t<div class=\"elementor-column elementor-col-100 elementor-top-column elementor-element elementor-element-eee746e\" data-id=\"eee746e\" data-element_type=\"column\">\n\t\t\t<div class=\"elementor-widget-wrap elementor-element-populated\">\n\t\t\t\t\t\t<div class=\"elementor-element elementor-element-969e4ce elementor-widget elementor-widget-text-editor\" data-id=\"969e4ce\" data-element_type=\"widget\" data-widget_type=\"text-editor.default\">\n\t\t\t\t<div class=\"elementor-widget-container\">\n\t\t\t\t\t\t\t<p>An der digiMS 2 Bad Goisern wird seit Jahren die Unverbindliche \u00dcbung Mountainbiken angeboten. Geleitet werden die Trainingseinheiten von der Mountainbike-Trainerin Elke Rabeder und Christian Wiesinger.<\/p><p>Im heurigen Schuljahr treffen sich 14 Sch\u00fcler zu den gemeinsamen Ausfahrten mit Techniktraining und lernen dabei, wie man richtig und sicher auch steile Abfahrten und Hindernisse \u00fcberwindet.<\/p><p>Ein H\u00f6hepunkt im sportlichen Schuljahr ist der Ausflug in die Bike Arena in Obertraun. Am 20. Mai war es f\u00fcr die sportbegeisterten Sch\u00fcler endlich so weit, und das Erlernte konnte in der Arena angewendet werden. Es wurde gesprungen und Hindernisse gekonnt bew\u00e4ltigt.<\/p><p><br \/>\u201eDownhillen ist der coolste Sport\u201c, meinten die ambitionierten Jugendlichen. Anschlie\u00dfend radelte die Gruppe \u00fcber den Ostwanderweg zur\u00fcck zur Mittelschule 2 Bad Goisern.<br \/>Ein herzliches Dankesch\u00f6n an das Tourismusb\u00fcro der Ferienregion Dachstein Salzkammergut f\u00fcr die Unterst\u00fctzung.<\/p>\t\t\t\t\t\t<\/div>\n\t\t\t\t<\/div>\n\t\t\t\t\t<\/div>\n\t\t<\/div>\n\t\t\t\t\t<\/div>\n\t\t<\/section>\n\t\t\t\t<\/div>\n\t\t","protected":false},"excerpt":{"rendered":"<p>An der digiMS 2 Bad Goisern wird seit Jahren die Unverbindliche \u00dcbung Mountainbiken angeboten. Geleitet werden die Trainingseinheiten von der Mountainbike-Trainerin Elke Rabeder und Christian Wiesinger. Im heurigen Schuljahr treffen sich 14 Sch\u00fcler zu den gemeinsamen Ausfahrten mit Techniktraining und lernen dabei, wie man richtig und sicher auch steile Abfahrten und Hindernisse \u00fcberwindet. Ein H\u00f6hepunkt [&hellip;]<\/p>\n","protected":false},"author":1,"featured_media":0,"parent":0,"menu_order":0,"comment_status":"closed","ping_status":"closed","template":"","meta":{"ocean_post_layout":"","ocean_both_sidebars_style":"","ocean_both_sidebars_content_width":0,"ocean_both_sidebars_sidebars_width":0,"ocean_sidebar":"","ocean_second_sidebar":"","ocean_disable_margins":"enable","ocean_add_body_class":"","ocean_shortcode_before_top_bar":"","ocean_shortcode_after_top_bar":"","ocean_shortcode_before_header":"","ocean_shortcode_after_header":"","ocean_has_shortcode":"","ocean_shortcode_after_title":"","ocean_shortcode_before_footer_widgets":"","ocean_shortcode_after_footer_widgets":"","ocean_shortcode_before_footer_bottom":"","ocean_shortcode_after_footer_bottom":"","ocean_display_top_bar":"default","ocean_display_header":"default","ocean_header_style":"","ocean_center_header_left_menu":"","ocean_custom_header_template":"","ocean_custom_logo":0,"ocean_custom_retina_logo":0,"ocean_custom_logo_max_width":0,"ocean_custom_logo_tablet_max_width":0,"ocean_custom_logo_mobile_max_width":0,"ocean_custom_logo_max_height":0,"ocean_custom_logo_tablet_max_height":0,"ocean_custom_logo_mobile_max_height":0,"ocean_header_custom_menu":"","ocean_menu_typo_font_family":"","ocean_menu_typo_font_subset":"","ocean_menu_typo_font_size":0,"ocean_menu_typo_font_size_tablet":0,"ocean_menu_typo_font_size_mobile":0,"ocean_menu_typo_font_size_unit":"px","ocean_menu_typo_font_weight":"","ocean_menu_typo_font_weight_tablet":"","ocean_menu_typo_font_weight_mobile":"","ocean_menu_typo_transform":"","ocean_menu_typo_transform_tablet":"","ocean_menu_typo_transform_mobile":"","ocean_menu_typo_line_height":0,"ocean_menu_typo_line_height_tablet":0,"ocean_menu_typo_line_height_mobile":0,"ocean_menu_typo_line_height_unit":"","ocean_menu_typo_spacing":0,"ocean_menu_typo_spacing_tablet":0,"ocean_menu_typo_spacing_mobile":0,"ocean_menu_typo_spacing_unit":"","ocean_menu_link_color":"","ocean_menu_link_color_hover":"","ocean_menu_link_color_active":"","ocean_menu_link_background":"","ocean_menu_link_hover_background":"","ocean_menu_link_active_background":"","ocean_menu_social_links_bg":"","ocean_menu_social_hover_links_bg":"","ocean_menu_social_links_color":"","ocean_menu_social_hover_links_color":"","ocean_disable_title":"default","ocean_disable_heading":"default","ocean_post_title":"","ocean_post_subheading":"","ocean_post_title_style":"","ocean_post_title_background_color":"","ocean_post_title_background":0,"ocean_post_title_bg_image_position":"","ocean_post_title_bg_image_attachment":"","ocean_post_title_bg_image_repeat":"","ocean_post_title_bg_image_size":"","ocean_post_title_height":0,"ocean_post_title_bg_overlay":0.5,"ocean_post_title_bg_overlay_color":"","ocean_disable_breadcrumbs":"default","ocean_breadcrumbs_color":"","ocean_breadcrumbs_separator_color":"","ocean_breadcrumbs_links_color":"","ocean_breadcrumbs_links_hover_color":"","ocean_display_footer_widgets":"default","ocean_display_footer_bottom":"default","ocean_custom_footer_template":"","footnotes":""},"class_list":["post-6766","page","type-page","status-publish","hentry","entry"],"_links":{"self":[{"href":"https:\/\/digimittelschule2badgoisern.at\/index.php?rest_route=\/wp\/v2\/pages\/6766","targetHints":{"allow":["GET"]}}],"collection":[{"href":"https:\/\/digimittelschule2badgoisern.at\/index.php?rest_route=\/wp\/v2\/pages"}],"about":[{"href":"https:\/\/digimittelschule2badgoisern.at\/index.php?rest_route=\/wp\/v2\/types\/page"}],"author":[{"embeddable":true,"href":"https:\/\/digimittelschule2badgoisern.at\/index.php?rest_route=\/wp\/v2\/users\/1"}],"replies":[{"embeddable":true,"href":"https:\/\/digimittelschule2badgoisern.at\/index.php?rest_route=%2Fwp%2Fv2%2Fcomments&post=6766"}],"version-history":[{"count":4,"href":"https:\/\/digimittelschule2badgoisern.at\/index.php?rest_route=\/wp\/v2\/pages\/6766\/revisions"}],"predecessor-version":[{"id":6770,"href":"https:\/\/digimittelschule2badgoisern.at\/index.php?rest_route=\/wp\/v2\/pages\/6766\/revisions\/6770"}],"wp:attachment":[{"href":"https:\/\/digimittelschule2badgoisern.at\/index.php?rest_route=%2Fwp%2Fv2%2Fmedia&parent=6766"}],"curies":[{"name":"wp","href":"https:\/\/api.w.org\/{rel}","templated":true}]}}