{"id":6801,"date":"2025-07-03T14:50:36","date_gmt":"2025-07-03T14:50:36","guid":{"rendered":"https:\/\/digimittelschule2badgoisern.at\/?page_id=6801"},"modified":"2025-07-03T14:51:32","modified_gmt":"2025-07-03T14:51:32","slug":"goiserer-seifenkistenfuhr-gewinnt-bei-tischler-trophy","status":"publish","type":"page","link":"https:\/\/digimittelschule2badgoisern.at\/?page_id=6801","title":{"rendered":"\u201eGoiserer Seifenkistenfuhr\u201c gewinnt bei Tischler Trophy"},"content":{"rendered":"\t\t<div data-elementor-type=\"wp-page\" data-elementor-id=\"6801\" class=\"elementor elementor-6801\" data-elementor-post-type=\"page\">\n\t\t\t\t\t\t<section class=\"elementor-section elementor-top-section elementor-element elementor-element-069e713 elementor-section-boxed elementor-section-height-default elementor-section-height-default\" data-id=\"069e713\" data-element_type=\"section\">\n\t\t\t\t\t\t<div class=\"elementor-container elementor-column-gap-default\">\n\t\t\t\t\t<div class=\"elementor-column elementor-col-100 elementor-top-column elementor-element elementor-element-bbef2bc\" data-id=\"bbef2bc\" data-element_type=\"column\">\n\t\t\t<div class=\"elementor-widget-wrap elementor-element-populated\">\n\t\t\t\t\t\t<div class=\"elementor-element elementor-element-6a9a22d elementor-widget elementor-widget-text-editor\" data-id=\"6a9a22d\" data-element_type=\"widget\" data-widget_type=\"text-editor.default\">\n\t\t\t\t<div class=\"elementor-widget-container\">\n\t\t\t\t\t\t\t<p>Bereits zum neunten Mal fand im heurigen Schuljahr die Tischler Trophy, ein landesweites Kooperationsprojekt von Schulen und Tischlereibetrieben, statt.<\/p><p>Zehn Sch\u00fclerinnen und Sch\u00fcler der beiden 3. Klassen stellten sich der Herausforderung, zum vorgegebenen Thema \u201eSeifenkiste\u201c ein eigenes Produkt herzustellen. Gemeinsam mit Valentin Stockinger und Simon Petter von der Patronanztischlerei \u201eTrau`di\u201c und den beiden Lehrern Thomas Albeseder und Harald Sailer planten und entwarfen die Jugendlichen ein Unikat, das den Komponenten Design, Stabilit\u00e4t sowie Funktionalit\u00e4t m\u00f6glichst gut entsprechen sollte.\u00a0<\/p><p>Mit gro\u00dfem Einsatz, sorgf\u00e4ltiger Genauigkeit, guter Teamarbeit und einer geh\u00f6rigen Portion Ausdauer entstand ein Werkst\u00fcck, das die fachkundige Jury \u00fcberzeugen konnte.<\/p><p>Im Rahmen der feierlichen Siegerehrung am 4. Juni im WIFI in Linz wurde den Sch\u00fclerinnen und den Sch\u00fclern der Pokal und die Siegespr\u00e4mie f\u00fcr den ersten Rang in der Kategorie \u201eStabilit\u00e4t\u201c \u00fcberreicht.<\/p>\t\t\t\t\t\t<\/div>\n\t\t\t\t<\/div>\n\t\t\t\t\t<\/div>\n\t\t<\/div>\n\t\t\t\t\t<\/div>\n\t\t<\/section>\n\t\t\t\t<\/div>\n\t\t","protected":false},"excerpt":{"rendered":"<p>Bereits zum neunten Mal fand im heurigen Schuljahr die Tischler Trophy, ein landesweites Kooperationsprojekt von Schulen und Tischlereibetrieben, statt. Zehn Sch\u00fclerinnen und Sch\u00fcler der beiden 3. Klassen stellten sich der Herausforderung, zum vorgegebenen Thema \u201eSeifenkiste\u201c ein eigenes Produkt herzustellen. Gemeinsam mit Valentin Stockinger und Simon Petter von der Patronanztischlerei \u201eTrau`di\u201c und den beiden Lehrern Thomas [&hellip;]<\/p>\n","protected":false},"author":1,"featured_media":0,"parent":0,"menu_order":0,"comment_status":"closed","ping_status":"closed","template":"","meta":{"ocean_post_layout":"","ocean_both_sidebars_style":"","ocean_both_sidebars_content_width":0,"ocean_both_sidebars_sidebars_width":0,"ocean_sidebar":"","ocean_second_sidebar":"","ocean_disable_margins":"enable","ocean_add_body_class":"","ocean_shortcode_before_top_bar":"","ocean_shortcode_after_top_bar":"","ocean_shortcode_before_header":"","ocean_shortcode_after_header":"","ocean_has_shortcode":"","ocean_shortcode_after_title":"","ocean_shortcode_before_footer_widgets":"","ocean_shortcode_after_footer_widgets":"","ocean_shortcode_before_footer_bottom":"","ocean_shortcode_after_footer_bottom":"","ocean_display_top_bar":"default","ocean_display_header":"default","ocean_header_style":"","ocean_center_header_left_menu":"","ocean_custom_header_template":"","ocean_custom_logo":0,"ocean_custom_retina_logo":0,"ocean_custom_logo_max_width":0,"ocean_custom_logo_tablet_max_width":0,"ocean_custom_logo_mobile_max_width":0,"ocean_custom_logo_max_height":0,"ocean_custom_logo_tablet_max_height":0,"ocean_custom_logo_mobile_max_height":0,"ocean_header_custom_menu":"","ocean_menu_typo_font_family":"","ocean_menu_typo_font_subset":"","ocean_menu_typo_font_size":0,"ocean_menu_typo_font_size_tablet":0,"ocean_menu_typo_font_size_mobile":0,"ocean_menu_typo_font_size_unit":"px","ocean_menu_typo_font_weight":"","ocean_menu_typo_font_weight_tablet":"","ocean_menu_typo_font_weight_mobile":"","ocean_menu_typo_transform":"","ocean_menu_typo_transform_tablet":"","ocean_menu_typo_transform_mobile":"","ocean_menu_typo_line_height":0,"ocean_menu_typo_line_height_tablet":0,"ocean_menu_typo_line_height_mobile":0,"ocean_menu_typo_line_height_unit":"","ocean_menu_typo_spacing":0,"ocean_menu_typo_spacing_tablet":0,"ocean_menu_typo_spacing_mobile":0,"ocean_menu_typo_spacing_unit":"","ocean_menu_link_color":"","ocean_menu_link_color_hover":"","ocean_menu_link_color_active":"","ocean_menu_link_background":"","ocean_menu_link_hover_background":"","ocean_menu_link_active_background":"","ocean_menu_social_links_bg":"","ocean_menu_social_hover_links_bg":"","ocean_menu_social_links_color":"","ocean_menu_social_hover_links_color":"","ocean_disable_title":"default","ocean_disable_heading":"default","ocean_post_title":"","ocean_post_subheading":"","ocean_post_title_style":"","ocean_post_title_background_color":"","ocean_post_title_background":0,"ocean_post_title_bg_image_position":"","ocean_post_title_bg_image_attachment":"","ocean_post_title_bg_image_repeat":"","ocean_post_title_bg_image_size":"","ocean_post_title_height":0,"ocean_post_title_bg_overlay":0.5,"ocean_post_title_bg_overlay_color":"","ocean_disable_breadcrumbs":"default","ocean_breadcrumbs_color":"","ocean_breadcrumbs_separator_color":"","ocean_breadcrumbs_links_color":"","ocean_breadcrumbs_links_hover_color":"","ocean_display_footer_widgets":"default","ocean_display_footer_bottom":"default","ocean_custom_footer_template":"","footnotes":""},"class_list":["post-6801","page","type-page","status-publish","hentry","entry"],"_links":{"self":[{"href":"https:\/\/digimittelschule2badgoisern.at\/index.php?rest_route=\/wp\/v2\/pages\/6801","targetHints":{"allow":["GET"]}}],"collection":[{"href":"https:\/\/digimittelschule2badgoisern.at\/index.php?rest_route=\/wp\/v2\/pages"}],"about":[{"href":"https:\/\/digimittelschule2badgoisern.at\/index.php?rest_route=\/wp\/v2\/types\/page"}],"author":[{"embeddable":true,"href":"https:\/\/digimittelschule2badgoisern.at\/index.php?rest_route=\/wp\/v2\/users\/1"}],"replies":[{"embeddable":true,"href":"https:\/\/digimittelschule2badgoisern.at\/index.php?rest_route=%2Fwp%2Fv2%2Fcomments&post=6801"}],"version-history":[{"count":4,"href":"https:\/\/digimittelschule2badgoisern.at\/index.php?rest_route=\/wp\/v2\/pages\/6801\/revisions"}],"predecessor-version":[{"id":6805,"href":"https:\/\/digimittelschule2badgoisern.at\/index.php?rest_route=\/wp\/v2\/pages\/6801\/revisions\/6805"}],"wp:attachment":[{"href":"https:\/\/digimittelschule2badgoisern.at\/index.php?rest_route=%2Fwp%2Fv2%2Fmedia&parent=6801"}],"curies":[{"name":"wp","href":"https:\/\/api.w.org\/{rel}","templated":true}]}}