{"id":7028,"date":"2025-11-30T10:17:38","date_gmt":"2025-11-30T10:17:38","guid":{"rendered":"https:\/\/digimittelschule2badgoisern.at\/?page_id=7028"},"modified":"2025-11-30T10:18:22","modified_gmt":"2025-11-30T10:18:22","slug":"gesundheitstag-an-der-digims-2-bad-goisern","status":"publish","type":"page","link":"https:\/\/digimittelschule2badgoisern.at\/?page_id=7028","title":{"rendered":"Gesundheitstag an der digiMS 2 Bad Goisern"},"content":{"rendered":"\t\t<div data-elementor-type=\"wp-page\" data-elementor-id=\"7028\" class=\"elementor elementor-7028\" data-elementor-post-type=\"page\">\n\t\t\t\t\t\t<section class=\"elementor-section elementor-top-section elementor-element elementor-element-ca443d1 elementor-section-boxed elementor-section-height-default elementor-section-height-default\" data-id=\"ca443d1\" data-element_type=\"section\">\n\t\t\t\t\t\t<div class=\"elementor-container elementor-column-gap-default\">\n\t\t\t\t\t<div class=\"elementor-column elementor-col-100 elementor-top-column elementor-element elementor-element-847085e\" data-id=\"847085e\" data-element_type=\"column\">\n\t\t\t<div class=\"elementor-widget-wrap elementor-element-populated\">\n\t\t\t\t\t\t<div class=\"elementor-element elementor-element-d803bd6 elementor-widget elementor-widget-text-editor\" data-id=\"d803bd6\" data-element_type=\"widget\" data-widget_type=\"text-editor.default\">\n\t\t\t\t<div class=\"elementor-widget-container\">\n\t\t\t\t\t\t\t<p id=\"E244\" class=\"x-scope qowt-word-para-0\"><span id=\"E245\">Der 10.\u00a0<\/span><span id=\"E246\">September stand an der\u00a0<\/span><span id=\"E248\">digiMS<\/span><span id=\"E250\">\u00a02 Bad Goisern ganz im<\/span><span id=\"E251\">\u00a0Z<\/span><span id=\"E252\">eichen der Gesundheit. Durchgef\u00fchrt wurde ein interaktiver Stationenbetrieb f\u00fcr alle Klassen, bei dem die Sch\u00fclerinnen und Sch\u00fcler lernten, welche Medikamente in eine Hausapotheke geh\u00f6ren,\u00a0<\/span><span id=\"E253\">wo man medizinische Hilfe erhalten kann und wie man\u00a0<\/span><span id=\"E254\">in einer<\/span><span id=\"E255\">\u00a0Notfall<\/span><span id=\"E256\">situation<\/span><span id=\"E257\">\u00a0<\/span><span id=\"E258\">richtig reagiert.\u00a0<\/span><span id=\"E259\">Theoretisch erworbenes Wissen, wie die korrekte Durchf\u00fchrung der Herzdruckmassage, wurde in praktischen Trainings direkt angewandt.<\/span><\/p><p id=\"E260\" class=\"x-scope qowt-word-para-0\"><span id=\"E261\">Dar\u00fcber hinaus lag ein Schwerpunkt des Tages auf dem Aspekt des gesunden Lernens.\u00a0<\/span><span id=\"E262\">Die Kinder besch\u00e4ftigten sich damit, w<\/span><span id=\"E263\">elche Rolle dabei die richtige Ern\u00e4hrung spielt\u00a0<\/span><span id=\"E264\">und bereiteten gemeinsam eine gesunde Jause zu. Au\u00dferdem erarbeiteten die Sch\u00fclerinnen und Sch\u00fcler Konzepte<\/span><span id=\"E265\">\u00a0f\u00fcr gesunde Lerneinheiten und erhielten Tipps<\/span><span id=\"E266\">, wie man\u00a0<\/span><span id=\"E267\">durch einfache \u00dcbungen das Gehirn aktivieren kann.\u00a0<\/span><span id=\"E268\">Beim Haltungsturnen stand nicht nur die k\u00f6rperliche Fitness im Vordergrund, sondern auch der Erwerb von Entspannungstechniken.<\/span><\/p><p id=\"E269\" class=\"x-scope qowt-word-para-0\"><span id=\"E270\">Ein herzlicher Dank gilt Herrn Dominik Schilcher vom Salzkammergut Klinikum Bad Ischl, der diesen Tag gemeinsam mit dem Lehrerteam der\u00a0<\/span><span id=\"E272\">digiMS<\/span><span id=\"E274\">\u00a02 Bad Goisern gestaltete.<\/span><\/p>\t\t\t\t\t\t<\/div>\n\t\t\t\t<\/div>\n\t\t\t\t\t<\/div>\n\t\t<\/div>\n\t\t\t\t\t<\/div>\n\t\t<\/section>\n\t\t\t\t<\/div>\n\t\t","protected":false},"excerpt":{"rendered":"<p>Der 10.\u00a0September stand an der\u00a0digiMS\u00a02 Bad Goisern ganz im\u00a0Zeichen der Gesundheit. Durchgef\u00fchrt wurde ein interaktiver Stationenbetrieb f\u00fcr alle Klassen, bei dem die Sch\u00fclerinnen und Sch\u00fcler lernten, welche Medikamente in eine Hausapotheke geh\u00f6ren,\u00a0wo man medizinische Hilfe erhalten kann und wie man\u00a0in einer\u00a0Notfallsituation\u00a0richtig reagiert.\u00a0Theoretisch erworbenes Wissen, wie die korrekte Durchf\u00fchrung der Herzdruckmassage, wurde in praktischen Trainings direkt [&hellip;]<\/p>\n","protected":false},"author":1,"featured_media":0,"parent":0,"menu_order":0,"comment_status":"closed","ping_status":"closed","template":"","meta":{"ocean_post_layout":"","ocean_both_sidebars_style":"","ocean_both_sidebars_content_width":0,"ocean_both_sidebars_sidebars_width":0,"ocean_sidebar":"","ocean_second_sidebar":"","ocean_disable_margins":"enable","ocean_add_body_class":"","ocean_shortcode_before_top_bar":"","ocean_shortcode_after_top_bar":"","ocean_shortcode_before_header":"","ocean_shortcode_after_header":"","ocean_has_shortcode":"","ocean_shortcode_after_title":"","ocean_shortcode_before_footer_widgets":"","ocean_shortcode_after_footer_widgets":"","ocean_shortcode_before_footer_bottom":"","ocean_shortcode_after_footer_bottom":"","ocean_display_top_bar":"default","ocean_display_header":"default","ocean_header_style":"","ocean_center_header_left_menu":"","ocean_custom_header_template":"","ocean_custom_logo":0,"ocean_custom_retina_logo":0,"ocean_custom_logo_max_width":0,"ocean_custom_logo_tablet_max_width":0,"ocean_custom_logo_mobile_max_width":0,"ocean_custom_logo_max_height":0,"ocean_custom_logo_tablet_max_height":0,"ocean_custom_logo_mobile_max_height":0,"ocean_header_custom_menu":"","ocean_menu_typo_font_family":"","ocean_menu_typo_font_subset":"","ocean_menu_typo_font_size":0,"ocean_menu_typo_font_size_tablet":0,"ocean_menu_typo_font_size_mobile":0,"ocean_menu_typo_font_size_unit":"px","ocean_menu_typo_font_weight":"","ocean_menu_typo_font_weight_tablet":"","ocean_menu_typo_font_weight_mobile":"","ocean_menu_typo_transform":"","ocean_menu_typo_transform_tablet":"","ocean_menu_typo_transform_mobile":"","ocean_menu_typo_line_height":0,"ocean_menu_typo_line_height_tablet":0,"ocean_menu_typo_line_height_mobile":0,"ocean_menu_typo_line_height_unit":"","ocean_menu_typo_spacing":0,"ocean_menu_typo_spacing_tablet":0,"ocean_menu_typo_spacing_mobile":0,"ocean_menu_typo_spacing_unit":"","ocean_menu_link_color":"","ocean_menu_link_color_hover":"","ocean_menu_link_color_active":"","ocean_menu_link_background":"","ocean_menu_link_hover_background":"","ocean_menu_link_active_background":"","ocean_menu_social_links_bg":"","ocean_menu_social_hover_links_bg":"","ocean_menu_social_links_color":"","ocean_menu_social_hover_links_color":"","ocean_disable_title":"default","ocean_disable_heading":"default","ocean_post_title":"","ocean_post_subheading":"","ocean_post_title_style":"","ocean_post_title_background_color":"","ocean_post_title_background":0,"ocean_post_title_bg_image_position":"","ocean_post_title_bg_image_attachment":"","ocean_post_title_bg_image_repeat":"","ocean_post_title_bg_image_size":"","ocean_post_title_height":0,"ocean_post_title_bg_overlay":0.5,"ocean_post_title_bg_overlay_color":"","ocean_disable_breadcrumbs":"default","ocean_breadcrumbs_color":"","ocean_breadcrumbs_separator_color":"","ocean_breadcrumbs_links_color":"","ocean_breadcrumbs_links_hover_color":"","ocean_display_footer_widgets":"default","ocean_display_footer_bottom":"default","ocean_custom_footer_template":"","footnotes":""},"class_list":["post-7028","page","type-page","status-publish","hentry","entry"],"_links":{"self":[{"href":"https:\/\/digimittelschule2badgoisern.at\/index.php?rest_route=\/wp\/v2\/pages\/7028","targetHints":{"allow":["GET"]}}],"collection":[{"href":"https:\/\/digimittelschule2badgoisern.at\/index.php?rest_route=\/wp\/v2\/pages"}],"about":[{"href":"https:\/\/digimittelschule2badgoisern.at\/index.php?rest_route=\/wp\/v2\/types\/page"}],"author":[{"embeddable":true,"href":"https:\/\/digimittelschule2badgoisern.at\/index.php?rest_route=\/wp\/v2\/users\/1"}],"replies":[{"embeddable":true,"href":"https:\/\/digimittelschule2badgoisern.at\/index.php?rest_route=%2Fwp%2Fv2%2Fcomments&post=7028"}],"version-history":[{"count":4,"href":"https:\/\/digimittelschule2badgoisern.at\/index.php?rest_route=\/wp\/v2\/pages\/7028\/revisions"}],"predecessor-version":[{"id":7032,"href":"https:\/\/digimittelschule2badgoisern.at\/index.php?rest_route=\/wp\/v2\/pages\/7028\/revisions\/7032"}],"wp:attachment":[{"href":"https:\/\/digimittelschule2badgoisern.at\/index.php?rest_route=%2Fwp%2Fv2%2Fmedia&parent=7028"}],"curies":[{"name":"wp","href":"https:\/\/api.w.org\/{rel}","templated":true}]}}