{"id":7171,"date":"2026-01-09T15:58:44","date_gmt":"2026-01-09T15:58:44","guid":{"rendered":"https:\/\/digimittelschule2badgoisern.at\/?page_id=7171"},"modified":"2026-01-09T15:59:27","modified_gmt":"2026-01-09T15:59:27","slug":"letzte-hilfe-fuer-kids-und-teens","status":"publish","type":"page","link":"https:\/\/digimittelschule2badgoisern.at\/?page_id=7171","title":{"rendered":"Letzte Hilfe f\u00fcr Kids und Teens"},"content":{"rendered":"\t\t<div data-elementor-type=\"wp-page\" data-elementor-id=\"7171\" class=\"elementor elementor-7171\" data-elementor-post-type=\"page\">\n\t\t\t\t\t\t<section class=\"elementor-section elementor-top-section elementor-element elementor-element-d0c2b08 elementor-section-boxed elementor-section-height-default elementor-section-height-default\" data-id=\"d0c2b08\" data-element_type=\"section\">\n\t\t\t\t\t\t<div class=\"elementor-container elementor-column-gap-default\">\n\t\t\t\t\t<div class=\"elementor-column elementor-col-100 elementor-top-column elementor-element elementor-element-28c940d\" data-id=\"28c940d\" data-element_type=\"column\">\n\t\t\t<div class=\"elementor-widget-wrap elementor-element-populated\">\n\t\t\t\t\t\t<div class=\"elementor-element elementor-element-4cc821f elementor-widget elementor-widget-text-editor\" data-id=\"4cc821f\" data-element_type=\"widget\" data-widget_type=\"text-editor.default\">\n\t\t\t\t<div class=\"elementor-widget-container\">\n\t\t\t\t\t\t\t<p>Mit viel Engagement und Empathie f\u00fcr schwierige Lebensphasen stellte das Team vom Hospizverein Bad Ischl \u2013 Inneres Salzkammergut ihre ehrenamtliche Arbeit vor und erarbeitete mit den Sch\u00fclerinnen und Sch\u00fclern der 4b Klasse das schwierige Thema der letzten Hilfe.\u00a0Der Workshop mit insgesamt vier Einheiten umfasste die Bereiche:<\/p><ul><li>Sterben als Teil des Lebens<\/li><li aria-level=\"1\">Vorsorgen und entscheiden<\/li><li aria-level=\"1\">Leiden lindern<\/li><li aria-level=\"1\">Abschied nehmen<\/li><\/ul><p>Gearbeitet wurde unter anderem zu den Themen lebenswertes Leben, M\u00f6glichkeiten der Unterst\u00fctzung in der Pflege f\u00fcr Angeh\u00f6rige sowie Phasen des Abschieds und der Trauer. Die Sch\u00fclerinnen und Sch\u00fcler hatten die M\u00f6glichkeit, Hilfestellungen der Mundpflege auszuprobieren und Kerzen zu verzieren.<\/p><p>Zus\u00e4tzlich besuchten die Jugendlichen die Firma Anlanger, wo das Berufsbild des Bestatters greifbar wurde. Herr Anlanger erz\u00e4hlte von den vielf\u00e4ltigen Aufgaben seiner Arbeit in der Begleitung trauernder Menschen.\u00a0<\/p><p>Ein herzliches Dankesch\u00f6n an Frau Christine Helmbacher und Frau Angelika Spreitzer vom Hospizverein Bad Ischl \u2013 Inneres Salzkammergut.<\/p><p>Ihrem Verein ist es ein Anliegen, die Scheu vor diesem schwierigen Thema zu nehmen. Kontakt:\u00a0<a href=\"mailto:hospizischl@aon.at\">hospizischl@aon.at<\/a><\/p>\t\t\t\t\t\t<\/div>\n\t\t\t\t<\/div>\n\t\t\t\t\t<\/div>\n\t\t<\/div>\n\t\t\t\t\t<\/div>\n\t\t<\/section>\n\t\t\t\t<\/div>\n\t\t","protected":false},"excerpt":{"rendered":"<p>Mit viel Engagement und Empathie f\u00fcr schwierige Lebensphasen stellte das Team vom Hospizverein Bad Ischl \u2013 Inneres Salzkammergut ihre ehrenamtliche Arbeit vor und erarbeitete mit den Sch\u00fclerinnen und Sch\u00fclern der 4b Klasse das schwierige Thema der letzten Hilfe.\u00a0Der Workshop mit insgesamt vier Einheiten umfasste die Bereiche: Sterben als Teil des Lebens Vorsorgen und entscheiden Leiden [&hellip;]<\/p>\n","protected":false},"author":1,"featured_media":0,"parent":0,"menu_order":0,"comment_status":"closed","ping_status":"closed","template":"","meta":{"ocean_post_layout":"","ocean_both_sidebars_style":"","ocean_both_sidebars_content_width":0,"ocean_both_sidebars_sidebars_width":0,"ocean_sidebar":"","ocean_second_sidebar":"","ocean_disable_margins":"enable","ocean_add_body_class":"","ocean_shortcode_before_top_bar":"","ocean_shortcode_after_top_bar":"","ocean_shortcode_before_header":"","ocean_shortcode_after_header":"","ocean_has_shortcode":"","ocean_shortcode_after_title":"","ocean_shortcode_before_footer_widgets":"","ocean_shortcode_after_footer_widgets":"","ocean_shortcode_before_footer_bottom":"","ocean_shortcode_after_footer_bottom":"","ocean_display_top_bar":"default","ocean_display_header":"default","ocean_header_style":"","ocean_center_header_left_menu":"","ocean_custom_header_template":"","ocean_custom_logo":0,"ocean_custom_retina_logo":0,"ocean_custom_logo_max_width":0,"ocean_custom_logo_tablet_max_width":0,"ocean_custom_logo_mobile_max_width":0,"ocean_custom_logo_max_height":0,"ocean_custom_logo_tablet_max_height":0,"ocean_custom_logo_mobile_max_height":0,"ocean_header_custom_menu":"","ocean_menu_typo_font_family":"","ocean_menu_typo_font_subset":"","ocean_menu_typo_font_size":0,"ocean_menu_typo_font_size_tablet":0,"ocean_menu_typo_font_size_mobile":0,"ocean_menu_typo_font_size_unit":"px","ocean_menu_typo_font_weight":"","ocean_menu_typo_font_weight_tablet":"","ocean_menu_typo_font_weight_mobile":"","ocean_menu_typo_transform":"","ocean_menu_typo_transform_tablet":"","ocean_menu_typo_transform_mobile":"","ocean_menu_typo_line_height":0,"ocean_menu_typo_line_height_tablet":0,"ocean_menu_typo_line_height_mobile":0,"ocean_menu_typo_line_height_unit":"","ocean_menu_typo_spacing":0,"ocean_menu_typo_spacing_tablet":0,"ocean_menu_typo_spacing_mobile":0,"ocean_menu_typo_spacing_unit":"","ocean_menu_link_color":"","ocean_menu_link_color_hover":"","ocean_menu_link_color_active":"","ocean_menu_link_background":"","ocean_menu_link_hover_background":"","ocean_menu_link_active_background":"","ocean_menu_social_links_bg":"","ocean_menu_social_hover_links_bg":"","ocean_menu_social_links_color":"","ocean_menu_social_hover_links_color":"","ocean_disable_title":"default","ocean_disable_heading":"default","ocean_post_title":"","ocean_post_subheading":"","ocean_post_title_style":"","ocean_post_title_background_color":"","ocean_post_title_background":0,"ocean_post_title_bg_image_position":"","ocean_post_title_bg_image_attachment":"","ocean_post_title_bg_image_repeat":"","ocean_post_title_bg_image_size":"","ocean_post_title_height":0,"ocean_post_title_bg_overlay":0.5,"ocean_post_title_bg_overlay_color":"","ocean_disable_breadcrumbs":"default","ocean_breadcrumbs_color":"","ocean_breadcrumbs_separator_color":"","ocean_breadcrumbs_links_color":"","ocean_breadcrumbs_links_hover_color":"","ocean_display_footer_widgets":"default","ocean_display_footer_bottom":"default","ocean_custom_footer_template":"","footnotes":""},"class_list":["post-7171","page","type-page","status-publish","hentry","entry"],"_links":{"self":[{"href":"https:\/\/digimittelschule2badgoisern.at\/index.php?rest_route=\/wp\/v2\/pages\/7171","targetHints":{"allow":["GET"]}}],"collection":[{"href":"https:\/\/digimittelschule2badgoisern.at\/index.php?rest_route=\/wp\/v2\/pages"}],"about":[{"href":"https:\/\/digimittelschule2badgoisern.at\/index.php?rest_route=\/wp\/v2\/types\/page"}],"author":[{"embeddable":true,"href":"https:\/\/digimittelschule2badgoisern.at\/index.php?rest_route=\/wp\/v2\/users\/1"}],"replies":[{"embeddable":true,"href":"https:\/\/digimittelschule2badgoisern.at\/index.php?rest_route=%2Fwp%2Fv2%2Fcomments&post=7171"}],"version-history":[{"count":4,"href":"https:\/\/digimittelschule2badgoisern.at\/index.php?rest_route=\/wp\/v2\/pages\/7171\/revisions"}],"predecessor-version":[{"id":7175,"href":"https:\/\/digimittelschule2badgoisern.at\/index.php?rest_route=\/wp\/v2\/pages\/7171\/revisions\/7175"}],"wp:attachment":[{"href":"https:\/\/digimittelschule2badgoisern.at\/index.php?rest_route=%2Fwp%2Fv2%2Fmedia&parent=7171"}],"curies":[{"name":"wp","href":"https:\/\/api.w.org\/{rel}","templated":true}]}}